{"id":3347,"date":"2025-07-03T11:27:43","date_gmt":"2025-07-03T11:27:43","guid":{"rendered":"https:\/\/tastage.eu\/resurse\/"},"modified":"2025-07-09T08:29:49","modified_gmt":"2025-07-09T08:29:49","slug":"resurse","status":"publish","type":"page","link":"https:\/\/tastage.eu\/ro\/resurse\/","title":{"rendered":"Resurse"},"content":{"rendered":"<p><img fetchpriority=\"high\" decoding=\"async\" class=\"wp-image-3321 alignright\" src=\"https:\/\/tastage.eu\/wp-content\/uploads\/2025\/07\/123908-300x200.jpg\" alt=\"\" width=\"397\" height=\"264\" srcset=\"https:\/\/tastage.eu\/wp-content\/uploads\/2025\/07\/123908-300x200.jpg 300w, https:\/\/tastage.eu\/wp-content\/uploads\/2025\/07\/123908-768x513.jpg 768w, https:\/\/tastage.eu\/wp-content\/uploads\/2025\/07\/123908-624x417.jpg 624w, https:\/\/tastage.eu\/wp-content\/uploads\/2025\/07\/123908.jpg 800w\" sizes=\"(max-width: 397px) 100vw, 397px\" \/><span data-teams=\"true\">Setul de instrumente digitale Tast&#8217;Age este o colec\u021bie cuprinz\u0103toare de bune practici, politici, instrumente \u0219i recomand\u0103ri bazate pe dovezi, axate pe \u00eembun\u0103t\u0103\u021birea nutri\u021biei, prevenirea malnutri\u021biei \u0219i promovarea unei alimenta\u021bii mai s\u0103n\u0103toase \u00een r\u00e2ndul adul\u021bilor cu v\u00e2rsta de 65 de ani \u0219i peste. Conceput\u0103 pentru dieteticieni, asisten\u021bi medicali, asisten\u021bi sociali \u0219i furnizori de \u00eengrijire la domiciliu, aceast\u0103 resurs\u0103 transna\u021bional\u0103 simplific\u0103 accesul la informa\u021bii esen\u021biale, ajut\u00e2nd la reducerea fragment\u0103rii \u0219i sprijinind \u00eengrijirea coordonat\u0103 pentru persoanele \u00een v\u00e2rst\u0103. <\/span><\/p>\n<p><strong>DE CE S\u0102 CONTRIBUI?<\/strong><\/p>\n<ul>\n<li>Prezenta\u021bi metodele organiza\u021biei \u0219i adresa\u021bi-v\u0103 unor noi segmente de public din \u00eentreaga Europ\u0103.<\/li>\n<li>Influen\u021ba\u021bi standardele de \u00eengrijire \u00een nutri\u021bia geriatric\u0103 contribuind cu abord\u0103ri de ultim\u0103 or\u0103.<\/li>\n<li>Conecta\u021bi-v\u0103 cu colegi profesioni\u0219ti, cercet\u0103tori \u0219i factori de decizie politic\u0103 care investesc \u00een bun\u0103starea seniorilor.<\/li>\n<\/ul>\n<p><span data-teams=\"true\"><strong>CUM S\u0102 V\u0102 PUBLICA\u021aI RESURSELE?<\/strong><\/span><\/p>\n<p><strong>Sunte\u021bi gata s\u0103 v\u0103 \u00eemp\u0103rt\u0103\u0219i\u021bi contribu\u021bia? Trebuie doar s\u0103 urma\u021bi ace\u0219ti pa\u0219i simpli: <\/strong><\/p>\n<p><strong>Pasul 1:<\/strong> Face\u021bi clic pe butonul <strong>&#8222;\u00cenregistrare&#8221;<\/strong> din col\u021bul din dreapta sus al paginii.<br \/>\n<strong>Pasul 2:<\/strong> Introduce\u021bi <strong>adresa de e-mail<\/strong>, <strong>parola<\/strong> \u0219i <strong>numele de utilizator<\/strong> \u00een formularul de \u00eenregistrare.<br \/>\n<strong>Pasul 3:<\/strong> Bifa\u021bi caseta pentru a fi de acord <strong>cu termenii \u0219i condi\u021biile de utilizare<\/strong>.<br \/>\n<strong>Pasul 4:<\/strong> Verifica\u021bi c\u0103su\u021ba de e-mail \u0219i face\u021bi clic pe link pentru <strong>a v\u0103 verifica contul<\/strong>.<br \/>\n<strong>Pasul 5:<\/strong> Reveni\u021bi la platforma Tast&#8217;Age, naviga\u021bi la sec\u021biunea <strong>&#8222;Resurse&#8221;<\/strong> \u0219i face\u021bi clic pe <strong>&#8222;Trimite\u021bi con\u021binut&#8221;.<\/strong><br \/>\n<strong>Pasul 6:<\/strong> Completa\u021bi formularul de trimitere cu detalii despre resursa pe care dori\u021bi s\u0103 o \u00eenc\u0103rca\u021bi.<br \/>\n<strong>Pasul 7:<\/strong> Face\u021bi clic <strong>pe &#8222;Trimite\u021bi pentru revizuire \u0219i publicare&#8221;.<\/strong><\/p>\n<p><span data-teams=\"true\">Un membru al echipei noastre v\u0103 va examina trimiterea \u0219i o va publica sau v\u0103 va contacta pentru informa\u021bii suplimentare, dac\u0103 este necesar.<\/span><\/p>\n","protected":false},"excerpt":{"rendered":"<p>Setul de instrumente digitale Tast&#8217;Age este o colec\u021bie cuprinz\u0103toare de bune practici, politici, instrumente \u0219i recomand\u0103ri bazate pe dovezi, axate pe \u00eembun\u0103t\u0103\u021birea nutri\u021biei, prevenirea malnutri\u021biei&hellip;<\/p>\n","protected":false},"author":26,"featured_media":0,"parent":0,"menu_order":0,"comment_status":"closed","ping_status":"closed","template":"","meta":{"_acf_changed":false,"footnotes":""},"class_list":["post-3347","page","type-page","status-publish","hentry"],"acf":[],"_links":{"self":[{"href":"https:\/\/tastage.eu\/ro\/wp-json\/wp\/v2\/pages\/3347","targetHints":{"allow":["GET"]}}],"collection":[{"href":"https:\/\/tastage.eu\/ro\/wp-json\/wp\/v2\/pages"}],"about":[{"href":"https:\/\/tastage.eu\/ro\/wp-json\/wp\/v2\/types\/page"}],"author":[{"embeddable":true,"href":"https:\/\/tastage.eu\/ro\/wp-json\/wp\/v2\/users\/26"}],"replies":[{"embeddable":true,"href":"https:\/\/tastage.eu\/ro\/wp-json\/wp\/v2\/comments?post=3347"}],"version-history":[{"count":1,"href":"https:\/\/tastage.eu\/ro\/wp-json\/wp\/v2\/pages\/3347\/revisions"}],"predecessor-version":[{"id":3349,"href":"https:\/\/tastage.eu\/ro\/wp-json\/wp\/v2\/pages\/3347\/revisions\/3349"}],"wp:attachment":[{"href":"https:\/\/tastage.eu\/ro\/wp-json\/wp\/v2\/media?parent=3347"}],"curies":[{"name":"wp","href":"https:\/\/api.w.org\/{rel}","templated":true}]}}