{"id":243,"date":"2023-07-25T06:00:47","date_gmt":"2023-07-25T06:00:47","guid":{"rendered":"https:\/\/tastage.eu\/despre\/"},"modified":"2024-08-12T08:32:41","modified_gmt":"2024-08-12T08:32:41","slug":"despre","status":"publish","type":"page","link":"https:\/\/tastage.eu\/ro\/","title":{"rendered":"Despre"},"content":{"rendered":"\t\t<div data-elementor-type=\"wp-page\" data-elementor-id=\"243\" class=\"elementor elementor-243 elementor-231\" data-elementor-post-type=\"page\">\n\t\t\t\t\t\t<section class=\"elementor-section elementor-top-section elementor-element elementor-element-6cc29a5 elementor-section-full_width elementor-section-height-min-height elementor-section-content-middle elementor-section-stretched elementor-section-height-default elementor-section-items-middle\" data-id=\"6cc29a5\" data-element_type=\"section\" data-e-type=\"section\" data-settings=\"{&quot;stretch_section&quot;:&quot;section-stretched&quot;}\">\n\t\t\t\t\t\t\t<div class=\"elementor-background-overlay\"><\/div>\n\t\t\t\t\t\t\t<div class=\"elementor-container elementor-column-gap-default\">\n\t\t\t\t\t<div class=\"elementor-column elementor-col-100 elementor-top-column elementor-element elementor-element-7f7c803\" data-id=\"7f7c803\" data-element_type=\"column\" data-e-type=\"column\">\n\t\t\t<div class=\"elementor-widget-wrap elementor-element-populated\">\n\t\t\t\t\t\t<section class=\"elementor-section elementor-inner-section elementor-element elementor-element-57fdf68 elementor-section-boxed elementor-section-height-default elementor-section-height-default\" data-id=\"57fdf68\" data-element_type=\"section\" data-e-type=\"section\">\n\t\t\t\t\t\t<div class=\"elementor-container elementor-column-gap-default\">\n\t\t\t\t\t<div class=\"elementor-column elementor-col-50 elementor-inner-column elementor-element elementor-element-f2f316d\" data-id=\"f2f316d\" data-element_type=\"column\" data-e-type=\"column\">\n\t\t\t<div class=\"elementor-widget-wrap\">\n\t\t\t\t\t\t\t<\/div>\n\t\t<\/div>\n\t\t\t\t<div class=\"elementor-column elementor-col-50 elementor-inner-column elementor-element elementor-element-5f39489\" data-id=\"5f39489\" data-element_type=\"column\" data-e-type=\"column\">\n\t\t\t<div class=\"elementor-widget-wrap elementor-element-populated\">\n\t\t\t\t\t\t<div class=\"elementor-element elementor-element-3af5805 elementor-widget elementor-widget-heading\" data-id=\"3af5805\" data-element_type=\"widget\" data-e-type=\"widget\" data-widget_type=\"heading.default\">\n\t\t\t\t<div class=\"elementor-widget-container\">\n\t\t\t\t\t<h2 class=\"elementor-heading-title elementor-size-default\">Abordarea transna\u021bional\u0103 a dezvolt\u0103rii competen\u021belor profesionale \u0219i formarea profesional\u0103 privind o mai bun\u0103 nutri\u021bie \u0219i prevenirea malnutri\u021biei \u00een r\u00e2ndul popula\u021biei AGEing<\/h2>\t\t\t\t<\/div>\n\t\t\t\t<\/div>\n\t\t\t\t\t<\/div>\n\t\t<\/div>\n\t\t\t\t\t<\/div>\n\t\t<\/section>\n\t\t\t\t\t<\/div>\n\t\t<\/div>\n\t\t\t\t\t<\/div>\n\t\t<\/section>\n\t\t\t\t<section class=\"elementor-section elementor-top-section elementor-element elementor-element-e8012a3 elementor-section-boxed elementor-section-height-default elementor-section-height-default\" data-id=\"e8012a3\" data-element_type=\"section\" data-e-type=\"section\">\n\t\t\t\t\t\t<div class=\"elementor-container elementor-column-gap-default\">\n\t\t\t\t\t<div class=\"elementor-column elementor-col-100 elementor-top-column elementor-element elementor-element-2153bab\" data-id=\"2153bab\" data-element_type=\"column\" data-e-type=\"column\">\n\t\t\t<div class=\"elementor-widget-wrap elementor-element-populated\">\n\t\t\t\t\t\t<div class=\"elementor-element elementor-element-a0aafbd elementor-widget elementor-widget-heading\" data-id=\"a0aafbd\" data-element_type=\"widget\" data-e-type=\"widget\" data-widget_type=\"heading.default\">\n\t\t\t\t<div class=\"elementor-widget-container\">\n\t\t\t\t\t<h3 class=\"elementor-heading-title elementor-size-default\">DESPRE<\/h3>\t\t\t\t<\/div>\n\t\t\t\t<\/div>\n\t\t\t\t\t<\/div>\n\t\t<\/div>\n\t\t\t\t\t<\/div>\n\t\t<\/section>\n\t\t\t\t<section class=\"elementor-section elementor-top-section elementor-element elementor-element-2c90976 elementor-section-boxed elementor-section-height-default elementor-section-height-default\" data-id=\"2c90976\" data-element_type=\"section\" data-e-type=\"section\">\n\t\t\t\t\t\t<div class=\"elementor-container elementor-column-gap-default\">\n\t\t\t\t\t<div class=\"elementor-column elementor-col-100 elementor-top-column elementor-element elementor-element-04040c2\" data-id=\"04040c2\" data-element_type=\"column\" data-e-type=\"column\">\n\t\t\t<div class=\"elementor-widget-wrap elementor-element-populated\">\n\t\t\t\t\t\t<div class=\"elementor-element elementor-element-499c112 elementor-widget elementor-widget-text-editor\" data-id=\"499c112\" data-element_type=\"widget\" data-e-type=\"widget\" data-widget_type=\"text-editor.default\">\n\t\t\t\t<div class=\"elementor-widget-container\">\n\t\t\t\t\t<div class=\"bb-theme-elementor-wrap bb-elementor-custom-family bb-elementor-custom-size bb-elementor-custom-line-height\">\t\t\t\t<p><b>TAST&#8217;AGE<\/b> abordeaz\u0103 tema form\u0103rii profesioni\u0219tilor cu privire la provocarea malnutri\u021biei la persoanele \u00een v\u00e2rst\u0103. Scopul este de a oferi profesioni\u0219tilor care lucreaz\u0103 \u00een jurul persoanelor \u00een v\u00e2rst\u0103 (profesioni\u0219ti din domeniul s\u0103n\u0103t\u0103\u021bii, profesioni\u0219ti medico-sociali, servicii de \u00eengrijire la domiciliu) o ofert\u0103 de <i>formare adaptat\u0103<\/i> \u0219i <i>acces facilitat<\/i> la resursele de \u00eenv\u0103\u021bare printr-un set de instrumente digitale de bune practici pe tema furniz\u0103rii unei alimenta\u021bii mai bune, a prevenirii \u0219i a solu\u021biilor de combatere a malnutri\u021biei la persoanele \u00een v\u00e2rst\u0103 de peste 65 de ani.&nbsp;<\/p>\n\t\t\t\t<\/div>\t\t\t\t<\/div>\n\t\t\t\t<\/div>\n\t\t\t\t\t<\/div>\n\t\t<\/div>\n\t\t\t\t\t<\/div>\n\t\t<\/section>\n\t\t\t\t<section class=\"elementor-section elementor-top-section elementor-element elementor-element-3588991 elementor-section-boxed elementor-section-height-default elementor-section-height-default\" data-id=\"3588991\" data-element_type=\"section\" data-e-type=\"section\">\n\t\t\t\t\t\t<div class=\"elementor-container elementor-column-gap-default\">\n\t\t\t\t\t<div class=\"elementor-column elementor-col-100 elementor-top-column elementor-element elementor-element-4330638\" data-id=\"4330638\" data-element_type=\"column\" data-e-type=\"column\">\n\t\t\t<div class=\"elementor-widget-wrap elementor-element-populated\">\n\t\t\t\t\t\t<div class=\"elementor-element elementor-element-7188440 elementor-widget elementor-widget-heading\" data-id=\"7188440\" data-element_type=\"widget\" data-e-type=\"widget\" data-widget_type=\"heading.default\">\n\t\t\t\t<div class=\"elementor-widget-container\">\n\t\t\t\t\t<h3 class=\"elementor-heading-title elementor-size-default\">OBIECTIVELE<\/h3>\t\t\t\t<\/div>\n\t\t\t\t<\/div>\n\t\t\t\t\t<\/div>\n\t\t<\/div>\n\t\t\t\t\t<\/div>\n\t\t<\/section>\n\t\t\t\t<section class=\"elementor-section elementor-top-section elementor-element elementor-element-0053e4d elementor-section-boxed elementor-section-height-default elementor-section-height-default\" data-id=\"0053e4d\" data-element_type=\"section\" data-e-type=\"section\">\n\t\t\t\t\t\t<div class=\"elementor-container elementor-column-gap-default\">\n\t\t\t\t\t<div class=\"elementor-column elementor-col-100 elementor-top-column elementor-element elementor-element-55150a8\" data-id=\"55150a8\" data-element_type=\"column\" data-e-type=\"column\">\n\t\t\t<div class=\"elementor-widget-wrap elementor-element-populated\">\n\t\t\t\t\t\t<div class=\"elementor-element elementor-element-16b3248 elementor-widget elementor-widget-text-editor\" data-id=\"16b3248\" data-element_type=\"widget\" data-e-type=\"widget\" data-widget_type=\"text-editor.default\">\n\t\t\t\t<div class=\"elementor-widget-container\">\n\t\t\t\t\t<div class=\"bb-theme-elementor-wrap bb-elementor-custom-family bb-elementor-custom-size bb-elementor-custom-line-height\">\t\t\t\t<p>Scopul principal <b>al TAST&#8217;AGE<\/b> este de a oferi educa\u021bie \u0219i <i>formare<\/i> <i>profesional\u0103<\/i> cu privire la provocarea prevenirii \u0219i combaterii malnutri\u021biei la persoanele \u00een v\u00e2rst\u0103. Obiectivele specifice ale proiectului sunt:<\/p>\n\t\t\t\t<\/div>\t\t\t\t<\/div>\n\t\t\t\t<\/div>\n\t\t\t\t<section class=\"elementor-section elementor-inner-section elementor-element elementor-element-5a13dd1 elementor-section-boxed elementor-section-height-default elementor-section-height-default\" data-id=\"5a13dd1\" data-element_type=\"section\" data-e-type=\"section\">\n\t\t\t\t\t\t<div class=\"elementor-container elementor-column-gap-default\">\n\t\t\t\t\t<div class=\"elementor-column elementor-col-50 elementor-inner-column elementor-element elementor-element-a0f733e\" data-id=\"a0f733e\" data-element_type=\"column\" data-e-type=\"column\">\n\t\t\t<div class=\"elementor-widget-wrap elementor-element-populated\">\n\t\t\t\t\t\t<div class=\"elementor-element elementor-element-b63fbac elementor-widget elementor-widget-text-editor\" data-id=\"b63fbac\" data-element_type=\"widget\" data-e-type=\"widget\" data-widget_type=\"text-editor.default\">\n\t\t\t\t<div class=\"elementor-widget-container\">\n\t\t\t\t\t\t\t\t\t<p>S\u0103 ofere formare profesional\u0103 de \u00eenalt\u0103 calitate pentru a lupta mai bine \u00eempotriva malnutri\u021biei la persoanele de peste 65 de ani;<\/p>\n<p>S\u0103 ofere acces deschis \u0219i flexibil la materiale de \u00eenv\u0103\u021bare \u0219i formare \u0219i la cele mai bune practici pentru \u00eembun\u0103t\u0103\u021birea practicilor profesionale;<\/p>\n\t\t\t\t\t\t\t\t<\/div>\n\t\t\t\t<\/div>\n\t\t\t\t\t<\/div>\n\t\t<\/div>\n\t\t\t\t<div class=\"elementor-column elementor-col-50 elementor-inner-column elementor-element elementor-element-99046fe\" data-id=\"99046fe\" data-element_type=\"column\" data-e-type=\"column\">\n\t\t\t<div class=\"elementor-widget-wrap elementor-element-populated\">\n\t\t\t\t\t\t<div class=\"elementor-element elementor-element-f372ca6 elementor-widget elementor-widget-text-editor\" data-id=\"f372ca6\" data-element_type=\"widget\" data-e-type=\"widget\" data-widget_type=\"text-editor.default\">\n\t\t\t\t<div class=\"elementor-widget-container\">\n\t\t\t\t\t\t\t\t\t<p>\u00eencurajarea adopt\u0103rii \u00eenv\u0103\u021b\u0103rii digitale \u0219i a instrumentelor digitale \u00een formarea profesional\u0103;<\/p>\n<p>\u00cencurajarea schimburilor transna\u021bionale \u0219i multidisciplinare \u00eentre parteneri din diferite \u021b\u0103ri \u0219i a expertizei care se confrunt\u0103 cu provoc\u0103ri comune.<\/p>\n\t\t\t\t\t\t\t\t<\/div>\n\t\t\t\t<\/div>\n\t\t\t\t\t<\/div>\n\t\t<\/div>\n\t\t\t\t\t<\/div>\n\t\t<\/section>\n\t\t\t\t\t<\/div>\n\t\t<\/div>\n\t\t\t\t\t<\/div>\n\t\t<\/section>\n\t\t\t\t<section class=\"elementor-section elementor-top-section elementor-element elementor-element-4d12951 elementor-section-boxed elementor-section-height-default elementor-section-height-default\" data-id=\"4d12951\" data-element_type=\"section\" data-e-type=\"section\">\n\t\t\t\t\t\t<div class=\"elementor-container elementor-column-gap-default\">\n\t\t\t\t\t<div class=\"elementor-column elementor-col-100 elementor-top-column elementor-element elementor-element-26f3ae4\" data-id=\"26f3ae4\" data-element_type=\"column\" data-e-type=\"column\">\n\t\t\t<div class=\"elementor-widget-wrap elementor-element-populated\">\n\t\t\t\t\t\t<div class=\"elementor-element elementor-element-ec94c30 elementor-widget elementor-widget-heading\" data-id=\"ec94c30\" data-element_type=\"widget\" data-e-type=\"widget\" data-widget_type=\"heading.default\">\n\t\t\t\t<div class=\"elementor-widget-container\">\n\t\t\t\t\t<h3 class=\"elementor-heading-title elementor-size-default\">REZULTATELE PROIECTULUI<\/h3>\t\t\t\t<\/div>\n\t\t\t\t<\/div>\n\t\t\t\t\t<\/div>\n\t\t<\/div>\n\t\t\t\t\t<\/div>\n\t\t<\/section>\n\t\t\t\t<section class=\"elementor-section elementor-top-section elementor-element elementor-element-da865c9 elementor-section-boxed elementor-section-height-default elementor-section-height-default\" data-id=\"da865c9\" data-element_type=\"section\" data-e-type=\"section\">\n\t\t\t\t\t\t<div class=\"elementor-container elementor-column-gap-default\">\n\t\t\t\t\t<div class=\"elementor-column elementor-col-100 elementor-top-column elementor-element elementor-element-98f0c5b\" data-id=\"98f0c5b\" data-element_type=\"column\" data-e-type=\"column\">\n\t\t\t<div class=\"elementor-widget-wrap elementor-element-populated\">\n\t\t\t\t\t\t<div class=\"elementor-element elementor-element-204f5ec elementor-widget elementor-widget-text-editor\" data-id=\"204f5ec\" data-element_type=\"widget\" data-e-type=\"widget\" data-widget_type=\"text-editor.default\">\n\t\t\t\t<div class=\"elementor-widget-container\">\n\t\t\t\t\t<div class=\"bb-theme-elementor-wrap bb-elementor-custom-family bb-elementor-custom-size bb-elementor-custom-line-height\">\t\t\t\t<ol>\n<li>Un program nou \u0219i inovator de formare profesional\u0103 care abordeaz\u0103 provocarea cheie a malnutri\u021biei la persoanele \u00een v\u00e2rst\u0103 \u0219i completeaz\u0103 golul ofertei de formare \u00een domeniu.<\/li>\n<li>Implementarea modulelor de instruire testate \u0219i accesibile ca cursuri fa\u021b\u0103 \u00een fa\u021b\u0103 \u0219i cursuri online.<\/li>\n<li>Dezvoltarea unui set de instrumente digitale de bune practici, pe teme de alimenta\u021bie mai bun\u0103, prevenire \u0219i solu\u021bii pentru combaterea malnutri\u021biei la persoanele \u00een v\u00e2rst\u0103 de peste 65 de ani.<\/li>\n<\/ol>\n\t\t\t\t<\/div>\t\t\t\t<\/div>\n\t\t\t\t<\/div>\n\t\t\t\t\t<\/div>\n\t\t<\/div>\n\t\t\t\t\t<\/div>\n\t\t<\/section>\n\t\t\t\t<\/div>\n\t\t","protected":false},"excerpt":{"rendered":"<p>Abordarea transna\u021bional\u0103 a dezvolt\u0103rii competen\u021belor profesionale \u0219i formarea profesional\u0103 privind o mai bun\u0103 nutri\u021bie \u0219i prevenirea malnutri\u021biei \u00een r\u00e2ndul popula\u021biei AGEing DESPRE TAST&#8217;AGE abordeaz\u0103 tema&hellip;<\/p>\n","protected":false},"author":1,"featured_media":0,"parent":0,"menu_order":0,"comment_status":"closed","ping_status":"closed","template":"","meta":{"_acf_changed":false,"footnotes":""},"class_list":["post-243","page","type-page","status-publish","hentry"],"acf":[],"_links":{"self":[{"href":"https:\/\/tastage.eu\/ro\/wp-json\/wp\/v2\/pages\/243","targetHints":{"allow":["GET"]}}],"collection":[{"href":"https:\/\/tastage.eu\/ro\/wp-json\/wp\/v2\/pages"}],"about":[{"href":"https:\/\/tastage.eu\/ro\/wp-json\/wp\/v2\/types\/page"}],"author":[{"embeddable":true,"href":"https:\/\/tastage.eu\/ro\/wp-json\/wp\/v2\/users\/1"}],"replies":[{"embeddable":true,"href":"https:\/\/tastage.eu\/ro\/wp-json\/wp\/v2\/comments?post=243"}],"version-history":[{"count":3,"href":"https:\/\/tastage.eu\/ro\/wp-json\/wp\/v2\/pages\/243\/revisions"}],"predecessor-version":[{"id":1666,"href":"https:\/\/tastage.eu\/ro\/wp-json\/wp\/v2\/pages\/243\/revisions\/1666"}],"wp:attachment":[{"href":"https:\/\/tastage.eu\/ro\/wp-json\/wp\/v2\/media?parent=243"}],"curies":[{"name":"wp","href":"https:\/\/api.w.org\/{rel}","templated":true}]}}