{"id":1675,"date":"2024-07-23T08:53:34","date_gmt":"2024-07-23T08:53:34","guid":{"rendered":"https:\/\/tastage.eu\/pilotare\/"},"modified":"2025-09-01T06:14:46","modified_gmt":"2025-09-01T06:14:46","slug":"pilotare","status":"publish","type":"page","link":"https:\/\/tastage.eu\/ro\/pilotare\/","title":{"rendered":"Curs de formare (MOOC)"},"content":{"rendered":"<p><strong>Aceast\u0103 resurs\u0103 a proiectului Tast&#8217;Age<\/strong> este dedicat\u0103 preg\u0103tirii \u0219i implement\u0103rii sesiunilor pilot fa\u021b\u0103 \u00een fa\u021b\u0103 ale materialelor de instruire dezvoltate \u00een Pachetul de lucru 2 \u0219i lans\u0103rii MOOC (Massive Open Online Course) privind malnutri\u021bia la v\u00e2rstnici.<\/p>\n<p>Sesiunile pilot ale proiectului Tast&#8217;Age se concentreaz\u0103 pe formarea pentru a aborda malnutri\u021bia \u0219i alte probleme nutri\u021bionale \u00een r\u00e2ndul v\u00e2rstnicilor. Aceast\u0103 ini\u021biativ\u0103 este conceput\u0103 pentru a \u00eemputernici \u00eengrijitorii, profesioni\u0219tii din domeniul s\u0103n\u0103t\u0103\u021bii, asisten\u021bii sociali \u0219i membrii familiei cuno\u0219tin\u021bele \u0219i abilit\u0103\u021bile necesare pentru a combate \u00een mod eficient problemele nutri\u021bionale ale popula\u021biilor \u00een v\u00e2rst\u0103.<\/p>\n<p>Principalele rezultate ale sesiunii de pilotaj implic\u0103:<\/p>\n<p>1. Testarea modulelor de formare sub form\u0103 de cursuri fa\u021b\u0103 \u00een fa\u021b\u0103 \u0219i online \u2013 2 pilo\u021bi \u00een fiecare \u021bar\u0103 partener\u0103, oferind instruire profesioni\u0219tilor<\/p>\n<p>2. Preg\u0103tirea \u0219i lansarea MOOC (Massive Open Online Course)<\/p>\n<p>3. Evaluarea \u0219i ajustarea sesiunilor de instruire pilot pe termen scurt \u0219i lung<\/p>\n<h3><a href=\"https:\/\/campus.tastage.eu\/login\/index.php\"><br \/>\n<strong>Platforma MOOC<\/strong><\/a><\/h3>\n<h3><strong><a href=\"https:\/\/tastage.eu\/wp-content\/uploads\/2025\/01\/TastAge-MOOC-tutorial-fv-1.pdf\">Tutorial MOOC TastAge<\/a><\/strong> &#8211; afl\u0103 cum s\u0103 te \u00eenscrii la cursul desemnat! (Versiunea \u00een limba englez\u0103)<\/h3>\n<h3><strong><a href=\"https:\/\/tastage.eu\/wp-content\/uploads\/2025\/02\/TASTAGE-MOOC_Tutorial-walk-through-the-website-FRENCH-2.pdf\">Tutoriel MOOC TastAge <\/a><\/strong>(versiunea francez\u0103)<\/h3>\n<h3><a href=\"https:\/\/tastage.eu\/wp-content\/uploads\/2025\/06\/RO_TASTAGE-MOOC_Tutorial-walk-through-the-website-pdf-1.pdf\"><strong>Tutorial MOOC TastAge<\/strong><\/a><\/h3>\n<h3><a href=\"https:\/\/tastage.eu\/wp-content\/uploads\/2025\/06\/TASTAGE-MOOC_Tutorial-passo-a-passo-para-o-website.pdf\"><strong>Tutorial MOOC TastAge (versiunea portughez\u0103)<\/strong><\/a><\/h3>\n<h3><a href=\"https:\/\/tastage.eu\/wp-content\/uploads\/2025\/06\/TASTAGE-MOOC_Tutorial-walk-through-the-website_Greek.pdf\"><strong>Tutorial MOOC TastAge (versiunea greac\u0103)<\/strong><\/a><\/h3>\n<h3><a href=\"https:\/\/tastage.eu\/wp-content\/uploads\/2025\/09\/ES_TASTAGE-MOOC_Tutorial-walk-through-the-website.docx\"><strong>Tutorial MOOC TastAge (versiunea spaniol\u0103)<\/strong><\/a><\/h3>\n","protected":false},"excerpt":{"rendered":"<p>Aceast\u0103 resurs\u0103 a proiectului Tast&#8217;Age este dedicat\u0103 preg\u0103tirii \u0219i implement\u0103rii sesiunilor pilot fa\u021b\u0103 \u00een fa\u021b\u0103 ale materialelor de instruire dezvoltate \u00een Pachetul de lucru 2&hellip;<\/p>\n","protected":false},"author":1,"featured_media":0,"parent":0,"menu_order":0,"comment_status":"closed","ping_status":"closed","template":"","meta":{"_acf_changed":false,"footnotes":""},"class_list":["post-1675","page","type-page","status-publish","hentry"],"acf":[],"_links":{"self":[{"href":"https:\/\/tastage.eu\/ro\/wp-json\/wp\/v2\/pages\/1675","targetHints":{"allow":["GET"]}}],"collection":[{"href":"https:\/\/tastage.eu\/ro\/wp-json\/wp\/v2\/pages"}],"about":[{"href":"https:\/\/tastage.eu\/ro\/wp-json\/wp\/v2\/types\/page"}],"author":[{"embeddable":true,"href":"https:\/\/tastage.eu\/ro\/wp-json\/wp\/v2\/users\/1"}],"replies":[{"embeddable":true,"href":"https:\/\/tastage.eu\/ro\/wp-json\/wp\/v2\/comments?post=1675"}],"version-history":[{"count":11,"href":"https:\/\/tastage.eu\/ro\/wp-json\/wp\/v2\/pages\/1675\/revisions"}],"predecessor-version":[{"id":3645,"href":"https:\/\/tastage.eu\/ro\/wp-json\/wp\/v2\/pages\/1675\/revisions\/3645"}],"wp:attachment":[{"href":"https:\/\/tastage.eu\/ro\/wp-json\/wp\/v2\/media?parent=1675"}],"curies":[{"name":"wp","href":"https:\/\/api.w.org\/{rel}","templated":true}]}}