{"id":3344,"date":"2025-07-03T11:27:43","date_gmt":"2025-07-03T11:27:43","guid":{"rendered":"https:\/\/tastage.eu\/recursos\/"},"modified":"2025-07-03T11:27:43","modified_gmt":"2025-07-03T11:27:43","slug":"recursos","status":"publish","type":"page","link":"https:\/\/tastage.eu\/pt-pt\/recursos\/","title":{"rendered":"Recursos"},"content":{"rendered":"<p><img fetchpriority=\"high\" decoding=\"async\" class=\"wp-image-3321 alignright\" src=\"https:\/\/tastage.eu\/wp-content\/uploads\/2025\/07\/123908-300x200.jpg\" alt=\"\" width=\"397\" height=\"264\" srcset=\"https:\/\/tastage.eu\/wp-content\/uploads\/2025\/07\/123908-300x200.jpg 300w, https:\/\/tastage.eu\/wp-content\/uploads\/2025\/07\/123908-768x513.jpg 768w, https:\/\/tastage.eu\/wp-content\/uploads\/2025\/07\/123908-624x417.jpg 624w, https:\/\/tastage.eu\/wp-content\/uploads\/2025\/07\/123908.jpg 800w\" sizes=\"(max-width: 397px) 100vw, 397px\" \/><span data-teams=\"true\">A Tast&#8217;Age Digital Toolbox \u00e9 uma cole\u00e7\u00e3o abrangente de melhores pr\u00e1ticas, pol\u00edticas, ferramentas e recomenda\u00e7\u00f5es baseadas em evid\u00eancias focadas em melhorar a nutri\u00e7\u00e3o, prevenir a desnutri\u00e7\u00e3o e promover uma alimenta\u00e7\u00e3o mais saud\u00e1vel entre adultos com 65 anos ou mais. Concebido para nutricionistas, enfermeiros, assistentes sociais e prestadores de cuidados domicili\u00e1rios, este recurso transnacional simplifica o acesso a informa\u00e7\u00f5es essenciais, ajudando a reduzir a fragmenta\u00e7\u00e3o e a apoiar cuidados coordenados para idosos. <\/span><\/p>\n<p><strong>PORQU\u00ca CONTRIBUIR?<\/strong><\/p>\n<ul>\n<li>Divulgue os m\u00e9todos da sua organiza\u00e7\u00e3o e alcance novos p\u00fablicos em toda a Europa.<\/li>\n<li>Influenciar os padr\u00f5es de cuidados em nutri\u00e7\u00e3o geri\u00e1trica, contribuindo com abordagens de ponta.<\/li>\n<li>Conecte-se com colegas profissionais, pesquisadores e formuladores de pol\u00edticas que investem no bem-estar dos idosos.<\/li>\n<\/ul>\n<p><span data-teams=\"true\"><strong>COMO PUBLICAR OS SEUS RECURSOS?<\/strong><\/span><\/p>\n<p><strong>Pronto para partilhar a sua contribui\u00e7\u00e3o? Basta seguir estes passos simples: <\/strong><\/p>\n<p><strong>1\u00ba Passo:<\/strong> Clique no bot\u00e3o <strong>&#8220;Registrar&#8221;<\/strong> no canto superior direito da p\u00e1gina.<br \/>\n<strong>2\u00ba Passo:<\/strong> Introduza o seu <strong>e-mail<\/strong>, <strong>palavra-passe<\/strong> e <strong>nome de utilizador<\/strong> no formul\u00e1rio de registo.<br \/>\n<strong>3\u00ba Passo:<\/strong> Marque a caixa para concordar com os <strong>termos e condi\u00e7\u00f5es de uso<\/strong>.<br \/>\n<strong>4\u00ba passo:<\/strong> Verifique sua caixa de entrada de e-mail e clique no link para <strong>verificar sua conta<\/strong>.<br \/>\n<strong>5\u00ba Passo:<\/strong> Volte para a plataforma Tast&#8217;Age, navegue at\u00e9 a se\u00e7\u00e3o <strong>&#8220;Recursos&#8221;<\/strong> e clique em <strong>&#8220;Enviar conte\u00fado&#8221;.<\/strong><br \/>\n<strong>6\u00ba Passo:<\/strong> Preencha o formul\u00e1rio de submiss\u00e3o com detalhes sobre o recurso que deseja carregar.<br \/>\n<strong>7\u00ba Passo:<\/strong> Clique em <strong>&#8220;Enviar para revis\u00e3o e publica\u00e7\u00e3o&#8221;.<\/strong><\/p>\n<p><span data-teams=\"true\">Um membro da nossa equipa ir\u00e1 rever a sua submiss\u00e3o e public\u00e1-la ou contact\u00e1-lo para obter informa\u00e7\u00f5es adicionais, se necess\u00e1rio.<\/span><\/p>\n","protected":false},"excerpt":{"rendered":"<p>A Tast&#8217;Age Digital Toolbox \u00e9 uma cole\u00e7\u00e3o abrangente de melhores pr\u00e1ticas, pol\u00edticas, ferramentas e recomenda\u00e7\u00f5es baseadas em evid\u00eancias focadas em melhorar a nutri\u00e7\u00e3o, prevenir a&hellip;<\/p>\n","protected":false},"author":26,"featured_media":0,"parent":0,"menu_order":0,"comment_status":"closed","ping_status":"closed","template":"","meta":{"_acf_changed":false,"footnotes":""},"class_list":["post-3344","page","type-page","status-publish","hentry"],"acf":[],"_links":{"self":[{"href":"https:\/\/tastage.eu\/pt-pt\/wp-json\/wp\/v2\/pages\/3344","targetHints":{"allow":["GET"]}}],"collection":[{"href":"https:\/\/tastage.eu\/pt-pt\/wp-json\/wp\/v2\/pages"}],"about":[{"href":"https:\/\/tastage.eu\/pt-pt\/wp-json\/wp\/v2\/types\/page"}],"author":[{"embeddable":true,"href":"https:\/\/tastage.eu\/pt-pt\/wp-json\/wp\/v2\/users\/26"}],"replies":[{"embeddable":true,"href":"https:\/\/tastage.eu\/pt-pt\/wp-json\/wp\/v2\/comments?post=3344"}],"version-history":[{"count":0,"href":"https:\/\/tastage.eu\/pt-pt\/wp-json\/wp\/v2\/pages\/3344\/revisions"}],"wp:attachment":[{"href":"https:\/\/tastage.eu\/pt-pt\/wp-json\/wp\/v2\/media?parent=3344"}],"curies":[{"name":"wp","href":"https:\/\/api.w.org\/{rel}","templated":true}]}}