{"id":241,"date":"2023-07-25T06:00:47","date_gmt":"2023-07-25T06:00:47","guid":{"rendered":"https:\/\/tastage.eu\/sobre-nos\/"},"modified":"2024-08-12T08:32:38","modified_gmt":"2024-08-12T08:32:38","slug":"sobre-nos","status":"publish","type":"page","link":"https:\/\/tastage.eu\/pt-pt\/","title":{"rendered":"Sobre n\u00f3s"},"content":{"rendered":"\t\t<div data-elementor-type=\"wp-page\" data-elementor-id=\"241\" class=\"elementor elementor-241 elementor-231\" data-elementor-post-type=\"page\">\n\t\t\t\t\t\t<section class=\"elementor-section elementor-top-section elementor-element elementor-element-6cc29a5 elementor-section-full_width elementor-section-height-min-height elementor-section-content-middle elementor-section-stretched elementor-section-height-default elementor-section-items-middle\" data-id=\"6cc29a5\" data-element_type=\"section\" data-e-type=\"section\" data-settings=\"{&quot;stretch_section&quot;:&quot;section-stretched&quot;}\">\n\t\t\t\t\t\t\t<div class=\"elementor-background-overlay\"><\/div>\n\t\t\t\t\t\t\t<div class=\"elementor-container elementor-column-gap-default\">\n\t\t\t\t\t<div class=\"elementor-column elementor-col-100 elementor-top-column elementor-element elementor-element-7f7c803\" data-id=\"7f7c803\" data-element_type=\"column\" data-e-type=\"column\">\n\t\t\t<div class=\"elementor-widget-wrap elementor-element-populated\">\n\t\t\t\t\t\t<section class=\"elementor-section elementor-inner-section elementor-element elementor-element-57fdf68 elementor-section-boxed elementor-section-height-default elementor-section-height-default\" data-id=\"57fdf68\" data-element_type=\"section\" data-e-type=\"section\">\n\t\t\t\t\t\t<div class=\"elementor-container elementor-column-gap-default\">\n\t\t\t\t\t<div class=\"elementor-column elementor-col-50 elementor-inner-column elementor-element elementor-element-f2f316d\" data-id=\"f2f316d\" data-element_type=\"column\" data-e-type=\"column\">\n\t\t\t<div class=\"elementor-widget-wrap\">\n\t\t\t\t\t\t\t<\/div>\n\t\t<\/div>\n\t\t\t\t<div class=\"elementor-column elementor-col-50 elementor-inner-column elementor-element elementor-element-5f39489\" data-id=\"5f39489\" data-element_type=\"column\" data-e-type=\"column\">\n\t\t\t<div class=\"elementor-widget-wrap elementor-element-populated\">\n\t\t\t\t\t\t<div class=\"elementor-element elementor-element-3af5805 elementor-widget elementor-widget-heading\" data-id=\"3af5805\" data-element_type=\"widget\" data-e-type=\"widget\" data-widget_type=\"heading.default\">\n\t\t\t\t<div class=\"elementor-widget-container\">\n\t\t\t\t\t<h2 class=\"elementor-heading-title elementor-size-default\">Abordagem transnacional ao desenvolvimento de compet\u00eancias profissionais e forma\u00e7\u00e3o profissional sobre melhor nutri\u00e7\u00e3o e preven\u00e7\u00e3o da subnutri\u00e7\u00e3o na popula\u00e7\u00e3o idosa<\/h2>\t\t\t\t<\/div>\n\t\t\t\t<\/div>\n\t\t\t\t\t<\/div>\n\t\t<\/div>\n\t\t\t\t\t<\/div>\n\t\t<\/section>\n\t\t\t\t\t<\/div>\n\t\t<\/div>\n\t\t\t\t\t<\/div>\n\t\t<\/section>\n\t\t\t\t<section class=\"elementor-section elementor-top-section elementor-element elementor-element-e8012a3 elementor-section-boxed elementor-section-height-default elementor-section-height-default\" data-id=\"e8012a3\" data-element_type=\"section\" data-e-type=\"section\">\n\t\t\t\t\t\t<div class=\"elementor-container elementor-column-gap-default\">\n\t\t\t\t\t<div class=\"elementor-column elementor-col-100 elementor-top-column elementor-element elementor-element-2153bab\" data-id=\"2153bab\" data-element_type=\"column\" data-e-type=\"column\">\n\t\t\t<div class=\"elementor-widget-wrap elementor-element-populated\">\n\t\t\t\t\t\t<div class=\"elementor-element elementor-element-a0aafbd elementor-widget elementor-widget-heading\" data-id=\"a0aafbd\" data-element_type=\"widget\" data-e-type=\"widget\" data-widget_type=\"heading.default\">\n\t\t\t\t<div class=\"elementor-widget-container\">\n\t\t\t\t\t<h3 class=\"elementor-heading-title elementor-size-default\">SOBRE N\u00d3S<\/h3>\t\t\t\t<\/div>\n\t\t\t\t<\/div>\n\t\t\t\t\t<\/div>\n\t\t<\/div>\n\t\t\t\t\t<\/div>\n\t\t<\/section>\n\t\t\t\t<section class=\"elementor-section elementor-top-section elementor-element elementor-element-2c90976 elementor-section-boxed elementor-section-height-default elementor-section-height-default\" data-id=\"2c90976\" data-element_type=\"section\" data-e-type=\"section\">\n\t\t\t\t\t\t<div class=\"elementor-container elementor-column-gap-default\">\n\t\t\t\t\t<div class=\"elementor-column elementor-col-100 elementor-top-column elementor-element elementor-element-04040c2\" data-id=\"04040c2\" data-element_type=\"column\" data-e-type=\"column\">\n\t\t\t<div class=\"elementor-widget-wrap elementor-element-populated\">\n\t\t\t\t\t\t<div class=\"elementor-element elementor-element-499c112 elementor-widget elementor-widget-text-editor\" data-id=\"499c112\" data-element_type=\"widget\" data-e-type=\"widget\" data-widget_type=\"text-editor.default\">\n\t\t\t\t<div class=\"elementor-widget-container\">\n\t\t\t\t\t<div class=\"bb-theme-elementor-wrap bb-elementor-custom-family bb-elementor-custom-size bb-elementor-custom-line-height\">\t\t\t\t<p><b>TAST&#8217;AGE<\/b> aborda o tema da forma\u00e7\u00e3o de profissionais sobre o desafio da desnutri\u00e7\u00e3o em pessoas idosas. O objetivo \u00e9 proporcionar aos profissionais que trabalham em torno de pessoas idosas (profissionais de sa\u00fade, profissionais m\u00e9dico-sociais, servi\u00e7os de cuidados domicili\u00e1rios) uma oferta <i>de forma\u00e7\u00e3o adaptada<\/i> e <i>um acesso facilitado<\/i> a recursos de aprendizagem atrav\u00e9s de uma caixa de ferramentas digital de boas pr\u00e1ticas sobre o tema de proporcionar uma melhor alimenta\u00e7\u00e3o, preven\u00e7\u00e3o e solu\u00e7\u00f5es para combater a subnutri\u00e7\u00e3o em idosos com mais de 65 anos.&nbsp;<\/p>\n\t\t\t\t<\/div>\t\t\t\t<\/div>\n\t\t\t\t<\/div>\n\t\t\t\t\t<\/div>\n\t\t<\/div>\n\t\t\t\t\t<\/div>\n\t\t<\/section>\n\t\t\t\t<section class=\"elementor-section elementor-top-section elementor-element elementor-element-3588991 elementor-section-boxed elementor-section-height-default elementor-section-height-default\" data-id=\"3588991\" data-element_type=\"section\" data-e-type=\"section\">\n\t\t\t\t\t\t<div class=\"elementor-container elementor-column-gap-default\">\n\t\t\t\t\t<div class=\"elementor-column elementor-col-100 elementor-top-column elementor-element elementor-element-4330638\" data-id=\"4330638\" data-element_type=\"column\" data-e-type=\"column\">\n\t\t\t<div class=\"elementor-widget-wrap elementor-element-populated\">\n\t\t\t\t\t\t<div class=\"elementor-element elementor-element-7188440 elementor-widget elementor-widget-heading\" data-id=\"7188440\" data-element_type=\"widget\" data-e-type=\"widget\" data-widget_type=\"heading.default\">\n\t\t\t\t<div class=\"elementor-widget-container\">\n\t\t\t\t\t<h3 class=\"elementor-heading-title elementor-size-default\">OBJETIVOS<\/h3>\t\t\t\t<\/div>\n\t\t\t\t<\/div>\n\t\t\t\t\t<\/div>\n\t\t<\/div>\n\t\t\t\t\t<\/div>\n\t\t<\/section>\n\t\t\t\t<section class=\"elementor-section elementor-top-section elementor-element elementor-element-0053e4d elementor-section-boxed elementor-section-height-default elementor-section-height-default\" data-id=\"0053e4d\" data-element_type=\"section\" data-e-type=\"section\">\n\t\t\t\t\t\t<div class=\"elementor-container elementor-column-gap-default\">\n\t\t\t\t\t<div class=\"elementor-column elementor-col-100 elementor-top-column elementor-element elementor-element-55150a8\" data-id=\"55150a8\" data-element_type=\"column\" data-e-type=\"column\">\n\t\t\t<div class=\"elementor-widget-wrap elementor-element-populated\">\n\t\t\t\t\t\t<div class=\"elementor-element elementor-element-16b3248 elementor-widget elementor-widget-text-editor\" data-id=\"16b3248\" data-element_type=\"widget\" data-e-type=\"widget\" data-widget_type=\"text-editor.default\">\n\t\t\t\t<div class=\"elementor-widget-container\">\n\t\t\t\t\t<div class=\"bb-theme-elementor-wrap bb-elementor-custom-family bb-elementor-custom-size bb-elementor-custom-line-height\">\t\t\t\t<p>O principal objetivo <b>do TAST&#8217;AGE<\/b> \u00e9 proporcionar educa\u00e7\u00e3o e <i>forma\u00e7\u00e3o<\/i> <i>profissional<\/i> sobre o desafio de prevenir e combater a subnutri\u00e7\u00e3o nas pessoas idosas. Os objetivos espec\u00edficos do projeto s\u00e3o:<\/p>\n\t\t\t\t<\/div>\t\t\t\t<\/div>\n\t\t\t\t<\/div>\n\t\t\t\t<section class=\"elementor-section elementor-inner-section elementor-element elementor-element-5a13dd1 elementor-section-boxed elementor-section-height-default elementor-section-height-default\" data-id=\"5a13dd1\" data-element_type=\"section\" data-e-type=\"section\">\n\t\t\t\t\t\t<div class=\"elementor-container elementor-column-gap-default\">\n\t\t\t\t\t<div class=\"elementor-column elementor-col-50 elementor-inner-column elementor-element elementor-element-a0f733e\" data-id=\"a0f733e\" data-element_type=\"column\" data-e-type=\"column\">\n\t\t\t<div class=\"elementor-widget-wrap elementor-element-populated\">\n\t\t\t\t\t\t<div class=\"elementor-element elementor-element-b63fbac elementor-widget elementor-widget-text-editor\" data-id=\"b63fbac\" data-element_type=\"widget\" data-e-type=\"widget\" data-widget_type=\"text-editor.default\">\n\t\t\t\t<div class=\"elementor-widget-container\">\n\t\t\t\t\t\t\t\t\t<p>Proporcionar forma\u00e7\u00e3o profissional de alta qualidade para melhor combater a subnutri\u00e7\u00e3o em pessoas com mais de 65 anos;<\/p>\n<p>Oferecer acesso aberto e flex\u00edvel a materiais de aprendizagem e forma\u00e7\u00e3o e \u00e0s melhores pr\u00e1ticas para melhorar as pr\u00e1ticas profissionais;<\/p>\n\t\t\t\t\t\t\t\t<\/div>\n\t\t\t\t<\/div>\n\t\t\t\t\t<\/div>\n\t\t<\/div>\n\t\t\t\t<div class=\"elementor-column elementor-col-50 elementor-inner-column elementor-element elementor-element-99046fe\" data-id=\"99046fe\" data-element_type=\"column\" data-e-type=\"column\">\n\t\t\t<div class=\"elementor-widget-wrap elementor-element-populated\">\n\t\t\t\t\t\t<div class=\"elementor-element elementor-element-f372ca6 elementor-widget elementor-widget-text-editor\" data-id=\"f372ca6\" data-element_type=\"widget\" data-e-type=\"widget\" data-widget_type=\"text-editor.default\">\n\t\t\t\t<div class=\"elementor-widget-container\">\n\t\t\t\t\t\t\t\t\t<p>Incentivar a ado\u00e7\u00e3o da aprendizagem digital e das ferramentas digitais na forma\u00e7\u00e3o profissional;<\/p>\n<p>Incentivar interc\u00e2mbios transnacionais e multidisciplinares entre parceiros de diferentes pa\u00edses e conhecimentos especializados que enfrentem desafios comuns.<\/p>\n\t\t\t\t\t\t\t\t<\/div>\n\t\t\t\t<\/div>\n\t\t\t\t\t<\/div>\n\t\t<\/div>\n\t\t\t\t\t<\/div>\n\t\t<\/section>\n\t\t\t\t\t<\/div>\n\t\t<\/div>\n\t\t\t\t\t<\/div>\n\t\t<\/section>\n\t\t\t\t<section class=\"elementor-section elementor-top-section elementor-element elementor-element-4d12951 elementor-section-boxed elementor-section-height-default elementor-section-height-default\" data-id=\"4d12951\" data-element_type=\"section\" data-e-type=\"section\">\n\t\t\t\t\t\t<div class=\"elementor-container elementor-column-gap-default\">\n\t\t\t\t\t<div class=\"elementor-column elementor-col-100 elementor-top-column elementor-element elementor-element-26f3ae4\" data-id=\"26f3ae4\" data-element_type=\"column\" data-e-type=\"column\">\n\t\t\t<div class=\"elementor-widget-wrap elementor-element-populated\">\n\t\t\t\t\t\t<div class=\"elementor-element elementor-element-ec94c30 elementor-widget elementor-widget-heading\" data-id=\"ec94c30\" data-element_type=\"widget\" data-e-type=\"widget\" data-widget_type=\"heading.default\">\n\t\t\t\t<div class=\"elementor-widget-container\">\n\t\t\t\t\t<h3 class=\"elementor-heading-title elementor-size-default\">RESULTADOS DO PROJETO<\/h3>\t\t\t\t<\/div>\n\t\t\t\t<\/div>\n\t\t\t\t\t<\/div>\n\t\t<\/div>\n\t\t\t\t\t<\/div>\n\t\t<\/section>\n\t\t\t\t<section class=\"elementor-section elementor-top-section elementor-element elementor-element-da865c9 elementor-section-boxed elementor-section-height-default elementor-section-height-default\" data-id=\"da865c9\" data-element_type=\"section\" data-e-type=\"section\">\n\t\t\t\t\t\t<div class=\"elementor-container elementor-column-gap-default\">\n\t\t\t\t\t<div class=\"elementor-column elementor-col-100 elementor-top-column elementor-element elementor-element-98f0c5b\" data-id=\"98f0c5b\" data-element_type=\"column\" data-e-type=\"column\">\n\t\t\t<div class=\"elementor-widget-wrap elementor-element-populated\">\n\t\t\t\t\t\t<div class=\"elementor-element elementor-element-204f5ec elementor-widget elementor-widget-text-editor\" data-id=\"204f5ec\" data-element_type=\"widget\" data-e-type=\"widget\" data-widget_type=\"text-editor.default\">\n\t\t\t\t<div class=\"elementor-widget-container\">\n\t\t\t\t\t<div class=\"bb-theme-elementor-wrap bb-elementor-custom-family bb-elementor-custom-size bb-elementor-custom-line-height\">\t\t\t\t<ol>\n<li>Um programa de forma\u00e7\u00e3o profissional novo e inovador que aborde o principal desafio da subnutri\u00e7\u00e3o nas pessoas idosas e preencha a lacuna da oferta de forma\u00e7\u00e3o neste dom\u00ednio.<\/li>\n<li>A implementa\u00e7\u00e3o de m\u00f3dulos de forma\u00e7\u00e3o testados e acess\u00edveis como cursos presenciais e cursos online.<\/li>\n<li>O desenvolvimento de uma caixa de ferramentas digital de boas pr\u00e1ticas, sobre os t\u00f3picos de melhor alimenta\u00e7\u00e3o, preven\u00e7\u00e3o e solu\u00e7\u00f5es para combater a desnutri\u00e7\u00e3o em idosos com mais de 65 anos.<\/li>\n<\/ol>\n\t\t\t\t<\/div>\t\t\t\t<\/div>\n\t\t\t\t<\/div>\n\t\t\t\t\t<\/div>\n\t\t<\/div>\n\t\t\t\t\t<\/div>\n\t\t<\/section>\n\t\t\t\t<\/div>\n\t\t","protected":false},"excerpt":{"rendered":"<p>Abordagem transnacional ao desenvolvimento de compet\u00eancias profissionais e forma\u00e7\u00e3o profissional sobre melhor nutri\u00e7\u00e3o e preven\u00e7\u00e3o da subnutri\u00e7\u00e3o na popula\u00e7\u00e3o idosa SOBRE N\u00d3S TAST&#8217;AGE aborda o&hellip;<\/p>\n","protected":false},"author":1,"featured_media":0,"parent":0,"menu_order":0,"comment_status":"closed","ping_status":"closed","template":"","meta":{"_acf_changed":false,"footnotes":""},"class_list":["post-241","page","type-page","status-publish","hentry"],"acf":[],"_links":{"self":[{"href":"https:\/\/tastage.eu\/pt-pt\/wp-json\/wp\/v2\/pages\/241","targetHints":{"allow":["GET"]}}],"collection":[{"href":"https:\/\/tastage.eu\/pt-pt\/wp-json\/wp\/v2\/pages"}],"about":[{"href":"https:\/\/tastage.eu\/pt-pt\/wp-json\/wp\/v2\/types\/page"}],"author":[{"embeddable":true,"href":"https:\/\/tastage.eu\/pt-pt\/wp-json\/wp\/v2\/users\/1"}],"replies":[{"embeddable":true,"href":"https:\/\/tastage.eu\/pt-pt\/wp-json\/wp\/v2\/comments?post=241"}],"version-history":[{"count":3,"href":"https:\/\/tastage.eu\/pt-pt\/wp-json\/wp\/v2\/pages\/241\/revisions"}],"predecessor-version":[{"id":1663,"href":"https:\/\/tastage.eu\/pt-pt\/wp-json\/wp\/v2\/pages\/241\/revisions\/1663"}],"wp:attachment":[{"href":"https:\/\/tastage.eu\/pt-pt\/wp-json\/wp\/v2\/media?parent=241"}],"curies":[{"name":"wp","href":"https:\/\/api.w.org\/{rel}","templated":true}]}}