{"id":217,"date":"2023-05-29T19:18:42","date_gmt":"2023-05-29T19:18:42","guid":{"rendered":"https:\/\/tastage.eu\/parceria\/"},"modified":"2024-08-12T08:32:53","modified_gmt":"2024-08-12T08:32:53","slug":"parceria","status":"publish","type":"page","link":"https:\/\/tastage.eu\/pt-pt\/parceria\/","title":{"rendered":"Parceria"},"content":{"rendered":"\t\t<div data-elementor-type=\"wp-page\" data-elementor-id=\"217\" class=\"elementor elementor-217 elementor-147\" data-elementor-post-type=\"page\">\n\t\t\t\t\t\t<section class=\"elementor-section elementor-top-section elementor-element elementor-element-7903ce2d elementor-section-boxed elementor-section-height-default elementor-section-height-default\" data-id=\"7903ce2d\" data-element_type=\"section\" data-e-type=\"section\">\n\t\t\t\t\t\t<div class=\"elementor-container elementor-column-gap-default\">\n\t\t\t\t\t<div class=\"elementor-column elementor-col-100 elementor-top-column elementor-element elementor-element-1e75e415\" data-id=\"1e75e415\" data-element_type=\"column\" data-e-type=\"column\">\n\t\t\t<div class=\"elementor-widget-wrap elementor-element-populated\">\n\t\t\t\t\t\t<div class=\"elementor-element elementor-element-7138b58d elementor-widget elementor-widget-text-editor\" data-id=\"7138b58d\" data-element_type=\"widget\" data-e-type=\"widget\" data-widget_type=\"text-editor.default\">\n\t\t\t\t<div class=\"elementor-widget-container\">\n\t\t\t\t\t\t\t\t\t<p>O cons\u00f3rcio Tast&#8217;Age \u00e9 formado por sete parceiros de cinco pa\u00edses europeus. N\u00f3s somos:<\/p>\n<p><a href=\"http:\/\/www.eurasante.com\/\"><strong>Eurasante<\/strong><\/a>, Fran\u00e7a &#8211; Coordenador do projeto<\/p>\n<p><strong><a href=\"https:\/\/www.afeji.org\/\">Afeji Hauts-De-France<\/a><\/strong>, Fran\u00e7a<\/p>\n<p><a href=\"https:\/\/aproximar.pt\/\"><strong>Aproximar<\/strong><\/a>&#8211; Cooperativa de Solidariedade Social, CRL, Portugal<\/p>\n<p><span lang=\"EN-US\"><a href=\"https:\/\/www.assoc.ro\/\"><b><span style=\"font-size: 10.5pt; font-family: 'Open Sans',sans-serif;\">Asociatia Profesionala Neguvernamentala de Asistenta Sociala ASSOC<\/span><\/b><\/a><\/span><span lang=\"EN-US\" style=\"font-size: 10.5pt; font-family: 'Open Sans',sans-serif;\">, Rom\u00e9nia <\/span> <\/p>\n<p style=\"text-align: justify;\"><span lang=\"EN-US\"><a href=\"https:\/\/easi-socialinnovation.org\/\"><b><span style=\"font-size: 10.5pt; font-family: 'Open Sans',sans-serif;\">Asociatia European Association for Social Inovation<\/span><\/b><\/a><\/span><span lang=\"EN-US\" style=\"font-size: 10.5pt; font-family: 'Open Sans',sans-serif;\">, Rom\u00e9nia<\/span><\/p>\n<p style=\"text-align: justify;\"><span lang=\"EN-US\"><a href=\"https:\/\/xeniospolis.gr\/\"><b><span style=\"font-size: 10.5pt; font-family: 'Open Sans',sans-serif;\">Xenios Polis. Cultura, Ci\u00eancia e A\u00e7\u00e3o<\/span><\/b><\/a><\/span><span lang=\"EN-US\" style=\"font-size: 10.5pt; font-family: 'Open Sans',sans-serif;\">Gr\u00e9cia<\/span><\/p>\n<p style=\"text-align: justify;\"><span lang=\"EN-US\"><a href=\"https:\/\/www.cesurformacion.com\/\" target=\"_blank\" rel=\"noopener\"><b><span style=\"font-size: 10.5pt; font-family: 'Open Sans',sans-serif;\">CENTRO SUPERIOR DE FORMACION EUROPA SUR<\/span><\/b><\/a>, <\/span><span lang=\"EN-US\" style=\"font-size: 10.5pt; font-family: 'Open Sans',sans-serif;\">Espanha <\/span> <\/p>\n\t\t\t\t\t\t\t\t<\/div>\n\t\t\t\t<\/div>\n\t\t\t\t\t<\/div>\n\t\t<\/div>\n\t\t\t\t\t<\/div>\n\t\t<\/section>\n\t\t\t\t<\/div>\n\t\t","protected":false},"excerpt":{"rendered":"<p>O cons\u00f3rcio Tast&#8217;Age \u00e9 formado por sete parceiros de cinco pa\u00edses europeus. N\u00f3s somos: Eurasante, Fran\u00e7a &#8211; Coordenador do projeto Afeji Hauts-De-France, Fran\u00e7a Aproximar&#8211; Cooperativa&hellip;<\/p>\n","protected":false},"author":1,"featured_media":0,"parent":0,"menu_order":0,"comment_status":"closed","ping_status":"closed","template":"","meta":{"_acf_changed":false,"footnotes":""},"class_list":["post-217","page","type-page","status-publish","hentry"],"acf":[],"_links":{"self":[{"href":"https:\/\/tastage.eu\/pt-pt\/wp-json\/wp\/v2\/pages\/217","targetHints":{"allow":["GET"]}}],"collection":[{"href":"https:\/\/tastage.eu\/pt-pt\/wp-json\/wp\/v2\/pages"}],"about":[{"href":"https:\/\/tastage.eu\/pt-pt\/wp-json\/wp\/v2\/types\/page"}],"author":[{"embeddable":true,"href":"https:\/\/tastage.eu\/pt-pt\/wp-json\/wp\/v2\/users\/1"}],"replies":[{"embeddable":true,"href":"https:\/\/tastage.eu\/pt-pt\/wp-json\/wp\/v2\/comments?post=217"}],"version-history":[{"count":5,"href":"https:\/\/tastage.eu\/pt-pt\/wp-json\/wp\/v2\/pages\/217\/revisions"}],"predecessor-version":[{"id":1669,"href":"https:\/\/tastage.eu\/pt-pt\/wp-json\/wp\/v2\/pages\/217\/revisions\/1669"}],"wp:attachment":[{"href":"https:\/\/tastage.eu\/pt-pt\/wp-json\/wp\/v2\/media?parent=217"}],"curies":[{"name":"wp","href":"https:\/\/api.w.org\/{rel}","templated":true}]}}