{"id":1678,"date":"2024-07-23T08:53:34","date_gmt":"2024-07-23T08:53:34","guid":{"rendered":"https:\/\/tastage.eu\/pilotagem\/"},"modified":"2025-09-01T06:22:42","modified_gmt":"2025-09-01T06:22:42","slug":"pilotagem","status":"publish","type":"page","link":"https:\/\/tastage.eu\/pt-pt\/pilotagem\/","title":{"rendered":"Curso de forma\u00e7\u00e3o (MOOC)"},"content":{"rendered":"<p><strong>Este recurso do projeto Tast&#8217;Age<\/strong> \u00e9 dedicado \u00e0 prepara\u00e7\u00e3o e implementa\u00e7\u00e3o das sess\u00f5es piloto presenciais dos materiais de forma\u00e7\u00e3o desenvolvidos no Work Package 2 e ao lan\u00e7amento do MOOC (Massive Open Online Course) sobre desnutri\u00e7\u00e3o em idosos.<\/p>\n<p>As sess\u00f5es piloto do Projeto Tast&#8217;Age focam-se na forma\u00e7\u00e3o para abordar a desnutri\u00e7\u00e3o e outras quest\u00f5es nutricionais entre os idosos. Esta iniciativa destina-se a capacitar cuidadores, profissionais de sa\u00fade, assistentes sociais e familiares com os conhecimentos e compet\u00eancias para combater eficazmente os problemas nutricionais em popula\u00e7\u00f5es idosas.<\/p>\n<p>Os principais resultados da sess\u00e3o-piloto envolvem:<\/p>\n<p>1. A testagem dos m\u00f3dulos de forma\u00e7\u00e3o sob a forma de cursos presenciais e online \u2013 2 pilotos em cada pa\u00eds parceiro, oferecendo forma\u00e7\u00e3o aos profissionais<\/p>\n<p>2. A prepara\u00e7\u00e3o e o lan\u00e7amento do MOOC (Massive Open Online Course)<\/p>\n<p>3. Avalia\u00e7\u00e3o e ajustamento das sess\u00f5es de forma\u00e7\u00e3o piloto a curto e longo prazo<\/p>\n<h3><a href=\"https:\/\/campus.tastage.eu\/login\/index.php\"><br \/>\n<strong>Plataforma MOOC<\/strong><\/a><\/h3>\n<h3><strong><a href=\"https:\/\/tastage.eu\/wp-content\/uploads\/2025\/01\/TastAge-MOOC-tutorial-fv-1.pdf\">TastAge MOOC tutorial<\/a><\/strong> &#8211; descubra como se inscrever no seu curso designado! (vers\u00e3o inglesa)<\/h3>\n<h3><strong><a href=\"https:\/\/tastage.eu\/wp-content\/uploads\/2025\/02\/TASTAGE-MOOC_Tutorial-walk-through-the-website-FRENCH-2.pdf\">TastAge MOOC tutoriel <\/a><\/strong>(vers\u00e3o francesa)<\/h3>\n<h3><a href=\"https:\/\/tastage.eu\/wp-content\/uploads\/2025\/06\/RO_TASTAGE-MOOC_Tutorial-walk-through-the-website-pdf-1.pdf\"><strong>TastAge MOOC Tutorial (vers\u00e3o romena)<\/strong><\/a><\/h3>\n<h3><a href=\"https:\/\/tastage.eu\/wp-content\/uploads\/2025\/06\/TASTAGE-MOOC_Tutorial-passo-a-passo-para-o-website.pdf\"><strong>TastAge MOOC Tutorial (vers\u00e3o portuguesa)<\/strong><\/a><\/h3>\n<h3><a href=\"https:\/\/tastage.eu\/wp-content\/uploads\/2025\/06\/TASTAGE-MOOC_Tutorial-walk-through-the-website_Greek.pdf\"><strong>TastAge MOOC Tutorial (vers\u00e3o grega)<\/strong><\/a><\/h3>\n<h3><a href=\"https:\/\/tastage.eu\/wp-content\/uploads\/2025\/09\/ES_TASTAGE-MOOC_Tutorial-walk-through-the-website-4.docx\"><strong>TastAge MOOC Tutorial (<span class=\"Y2IQFc\" lang=\"pt\">vers\u00e3o espanhola)<\/span><\/strong><\/a><\/h3>\n","protected":false},"excerpt":{"rendered":"<p>Este recurso do projeto Tast&#8217;Age \u00e9 dedicado \u00e0 prepara\u00e7\u00e3o e implementa\u00e7\u00e3o das sess\u00f5es piloto presenciais dos materiais de forma\u00e7\u00e3o desenvolvidos no Work Package 2 e&hellip;<\/p>\n","protected":false},"author":1,"featured_media":0,"parent":0,"menu_order":0,"comment_status":"closed","ping_status":"closed","template":"","meta":{"_acf_changed":false,"footnotes":""},"class_list":["post-1678","page","type-page","status-publish","hentry"],"acf":[],"_links":{"self":[{"href":"https:\/\/tastage.eu\/pt-pt\/wp-json\/wp\/v2\/pages\/1678","targetHints":{"allow":["GET"]}}],"collection":[{"href":"https:\/\/tastage.eu\/pt-pt\/wp-json\/wp\/v2\/pages"}],"about":[{"href":"https:\/\/tastage.eu\/pt-pt\/wp-json\/wp\/v2\/types\/page"}],"author":[{"embeddable":true,"href":"https:\/\/tastage.eu\/pt-pt\/wp-json\/wp\/v2\/users\/1"}],"replies":[{"embeddable":true,"href":"https:\/\/tastage.eu\/pt-pt\/wp-json\/wp\/v2\/comments?post=1678"}],"version-history":[{"count":9,"href":"https:\/\/tastage.eu\/pt-pt\/wp-json\/wp\/v2\/pages\/1678\/revisions"}],"predecessor-version":[{"id":3650,"href":"https:\/\/tastage.eu\/pt-pt\/wp-json\/wp\/v2\/pages\/1678\/revisions\/3650"}],"wp:attachment":[{"href":"https:\/\/tastage.eu\/pt-pt\/wp-json\/wp\/v2\/media?parent=1678"}],"curies":[{"name":"wp","href":"https:\/\/api.w.org\/{rel}","templated":true}]}}