{"id":3319,"date":"2025-07-03T11:27:43","date_gmt":"2025-07-03T11:27:43","guid":{"rendered":"https:\/\/tastage.eu\/ressources\/"},"modified":"2025-07-09T08:30:24","modified_gmt":"2025-07-09T08:30:24","slug":"ressources","status":"publish","type":"page","link":"https:\/\/tastage.eu\/fr\/ressources\/","title":{"rendered":"Ressources"},"content":{"rendered":"<p><img fetchpriority=\"high\" decoding=\"async\" class=\"wp-image-3321 alignright\" src=\"https:\/\/tastage.eu\/wp-content\/uploads\/2025\/07\/123908-300x200.jpg\" alt=\"\" width=\"397\" height=\"264\" srcset=\"https:\/\/tastage.eu\/wp-content\/uploads\/2025\/07\/123908-300x200.jpg 300w, https:\/\/tastage.eu\/wp-content\/uploads\/2025\/07\/123908-768x513.jpg 768w, https:\/\/tastage.eu\/wp-content\/uploads\/2025\/07\/123908-624x417.jpg 624w, https:\/\/tastage.eu\/wp-content\/uploads\/2025\/07\/123908.jpg 800w\" sizes=\"(max-width: 397px) 100vw, 397px\" \/><span data-teams=\"true\">La bo\u00eete \u00e0 outils num\u00e9rique Tast\u2019Age est une collection compl\u00e8te de meilleures pratiques, de politiques, d\u2019outils et de recommandations fond\u00e9s sur des donn\u00e9es probantes visant \u00e0 am\u00e9liorer la nutrition, \u00e0 pr\u00e9venir la malnutrition et \u00e0 promouvoir une alimentation plus saine chez les adultes \u00e2g\u00e9s de 65 ans et plus. Con\u00e7ue pour les di\u00e9t\u00e9tistes, les infirmi\u00e8res, les travailleurs sociaux et les prestataires de soins \u00e0 domicile, cette ressource transnationale simplifie l\u2019acc\u00e8s \u00e0 l\u2019information essentielle, contribuant ainsi \u00e0 r\u00e9duire la fragmentation et \u00e0 soutenir les soins coordonn\u00e9s pour les personnes \u00e2g\u00e9es. <\/span><\/p>\n<p><strong>POURQUOI CONTRIBUER ?<\/strong><\/p>\n<ul>\n<li>Mettez en valeur les m\u00e9thodes de votre organisation et atteignez de nouveaux publics \u00e0 travers l\u2019Europe.<\/li>\n<li>Influencer les normes de soins en nutrition g\u00e9riatrique en apportant des approches de pointe.<\/li>\n<li>\u00c9tablissez des liens avec d\u2019autres professionnels, chercheurs et d\u00e9cideurs qui investissent dans le bien-\u00eatre des a\u00een\u00e9s.<\/li>\n<\/ul>\n<p><span data-teams=\"true\"><strong>COMMENT PUBLIER VOS RESSOURCES ?<\/strong><\/span><\/p>\n<p><strong>Pr\u00eat \u00e0 partager votre contribution ? Il suffit de suivre ces \u00e9tapes simples : <\/strong><\/p>\n<p><strong>\u00c9tape 1 :<\/strong> Cliquez sur le bouton <strong>\u00ab S\u2019inscrire \u00bb<\/strong> dans le coin sup\u00e9rieur droit de la page.<br \/>\n<strong>\u00c9tape 2 :<\/strong> Entrez votre <strong>adresse e-mail<\/strong>, votre <strong>mot de passe<\/strong> et votre <strong>nom d\u2019utilisateur<\/strong> dans le formulaire d\u2019inscription.<br \/>\n<strong>\u00c9tape 3 :<\/strong> Cochez la case pour accepter les <strong>conditions g\u00e9n\u00e9rales d\u2019utilisation<\/strong>.<br \/>\n<strong>\u00c9tape 4 :<\/strong> V\u00e9rifiez votre bo\u00eete de r\u00e9ception et cliquez sur le lien pour <strong>v\u00e9rifier votre compte<\/strong>.<br \/>\n<strong>\u00c9tape 5 :<\/strong> Retournez sur la plateforme Tast\u2019Age, naviguez dans la section <strong>\u00ab Ressources \u00bb,<\/strong> et cliquez sur <strong>\u00ab Soumettre du contenu \u00bb.<\/strong><br \/>\n<strong>\u00c9tape 6 :<\/strong> Remplissez le formulaire de soumission avec les d\u00e9tails de la ressource que vous souhaitez t\u00e9l\u00e9charger.<br \/>\n<strong>\u00c9tape 7 :<\/strong> Cliquez sur <strong>\u00ab Soumettre pour examen et publication \u00bb.<\/strong><\/p>\n<p><span data-teams=\"true\">Un membre de notre \u00e9quipe examinera votre soumission et la publiera ou vous contactera pour obtenir des informations suppl\u00e9mentaires si n\u00e9cessaire.<\/span><\/p>\n","protected":false},"excerpt":{"rendered":"<p>La bo\u00eete \u00e0 outils num\u00e9rique Tast\u2019Age est une collection compl\u00e8te de meilleures pratiques, de politiques, d\u2019outils et de recommandations fond\u00e9s sur des donn\u00e9es probantes visant&hellip;<\/p>\n","protected":false},"author":26,"featured_media":0,"parent":0,"menu_order":0,"comment_status":"closed","ping_status":"closed","template":"","meta":{"_acf_changed":false,"footnotes":""},"class_list":["post-3319","page","type-page","status-publish","hentry"],"acf":[],"_links":{"self":[{"href":"https:\/\/tastage.eu\/fr\/wp-json\/wp\/v2\/pages\/3319","targetHints":{"allow":["GET"]}}],"collection":[{"href":"https:\/\/tastage.eu\/fr\/wp-json\/wp\/v2\/pages"}],"about":[{"href":"https:\/\/tastage.eu\/fr\/wp-json\/wp\/v2\/types\/page"}],"author":[{"embeddable":true,"href":"https:\/\/tastage.eu\/fr\/wp-json\/wp\/v2\/users\/26"}],"replies":[{"embeddable":true,"href":"https:\/\/tastage.eu\/fr\/wp-json\/wp\/v2\/comments?post=3319"}],"version-history":[{"count":1,"href":"https:\/\/tastage.eu\/fr\/wp-json\/wp\/v2\/pages\/3319\/revisions"}],"predecessor-version":[{"id":3350,"href":"https:\/\/tastage.eu\/fr\/wp-json\/wp\/v2\/pages\/3319\/revisions\/3350"}],"wp:attachment":[{"href":"https:\/\/tastage.eu\/fr\/wp-json\/wp\/v2\/media?parent=3319"}],"curies":[{"name":"wp","href":"https:\/\/api.w.org\/{rel}","templated":true}]}}