{"id":239,"date":"2023-07-25T06:00:47","date_gmt":"2023-07-25T06:00:47","guid":{"rendered":"https:\/\/tastage.eu\/environ\/"},"modified":"2024-08-12T08:32:19","modified_gmt":"2024-08-12T08:32:19","slug":"environ","status":"publish","type":"page","link":"https:\/\/tastage.eu\/fr\/","title":{"rendered":"Environ"},"content":{"rendered":"\t\t<div data-elementor-type=\"wp-page\" data-elementor-id=\"239\" class=\"elementor elementor-239 elementor-231\" data-elementor-post-type=\"page\">\n\t\t\t\t\t\t<section class=\"elementor-section elementor-top-section elementor-element elementor-element-6cc29a5 elementor-section-full_width elementor-section-height-min-height elementor-section-content-middle elementor-section-stretched elementor-section-height-default elementor-section-items-middle\" data-id=\"6cc29a5\" data-element_type=\"section\" data-e-type=\"section\" data-settings=\"{&quot;stretch_section&quot;:&quot;section-stretched&quot;}\">\n\t\t\t\t\t\t\t<div class=\"elementor-background-overlay\"><\/div>\n\t\t\t\t\t\t\t<div class=\"elementor-container elementor-column-gap-default\">\n\t\t\t\t\t<div class=\"elementor-column elementor-col-100 elementor-top-column elementor-element elementor-element-7f7c803\" data-id=\"7f7c803\" data-element_type=\"column\" data-e-type=\"column\">\n\t\t\t<div class=\"elementor-widget-wrap elementor-element-populated\">\n\t\t\t\t\t\t<section class=\"elementor-section elementor-inner-section elementor-element elementor-element-57fdf68 elementor-section-boxed elementor-section-height-default elementor-section-height-default\" data-id=\"57fdf68\" data-element_type=\"section\" data-e-type=\"section\">\n\t\t\t\t\t\t<div class=\"elementor-container elementor-column-gap-default\">\n\t\t\t\t\t<div class=\"elementor-column elementor-col-50 elementor-inner-column elementor-element elementor-element-f2f316d\" data-id=\"f2f316d\" data-element_type=\"column\" data-e-type=\"column\">\n\t\t\t<div class=\"elementor-widget-wrap\">\n\t\t\t\t\t\t\t<\/div>\n\t\t<\/div>\n\t\t\t\t<div class=\"elementor-column elementor-col-50 elementor-inner-column elementor-element elementor-element-5f39489\" data-id=\"5f39489\" data-element_type=\"column\" data-e-type=\"column\">\n\t\t\t<div class=\"elementor-widget-wrap elementor-element-populated\">\n\t\t\t\t\t\t<div class=\"elementor-element elementor-element-3af5805 elementor-widget elementor-widget-heading\" data-id=\"3af5805\" data-element_type=\"widget\" data-e-type=\"widget\" data-widget_type=\"heading.default\">\n\t\t\t\t<div class=\"elementor-widget-container\">\n\t\t\t\t\t<h2 class=\"elementor-heading-title elementor-size-default\">Approche transnationale du d\u00e9veloppement des comp\u00e9tences professionnelles et de la formation professionnelle sur l\u2019am\u00e9lioration de la nutrition et la pr\u00e9vention de la malnutrition chez la population vieillissante<\/h2>\t\t\t\t<\/div>\n\t\t\t\t<\/div>\n\t\t\t\t\t<\/div>\n\t\t<\/div>\n\t\t\t\t\t<\/div>\n\t\t<\/section>\n\t\t\t\t\t<\/div>\n\t\t<\/div>\n\t\t\t\t\t<\/div>\n\t\t<\/section>\n\t\t\t\t<section class=\"elementor-section elementor-top-section elementor-element elementor-element-e8012a3 elementor-section-boxed elementor-section-height-default elementor-section-height-default\" data-id=\"e8012a3\" data-element_type=\"section\" data-e-type=\"section\">\n\t\t\t\t\t\t<div class=\"elementor-container elementor-column-gap-default\">\n\t\t\t\t\t<div class=\"elementor-column elementor-col-100 elementor-top-column elementor-element elementor-element-2153bab\" data-id=\"2153bab\" data-element_type=\"column\" data-e-type=\"column\">\n\t\t\t<div class=\"elementor-widget-wrap elementor-element-populated\">\n\t\t\t\t\t\t<div class=\"elementor-element elementor-element-a0aafbd elementor-widget elementor-widget-heading\" data-id=\"a0aafbd\" data-element_type=\"widget\" data-e-type=\"widget\" data-widget_type=\"heading.default\">\n\t\t\t\t<div class=\"elementor-widget-container\">\n\t\t\t\t\t<h3 class=\"elementor-heading-title elementor-size-default\">ENVIRON<\/h3>\t\t\t\t<\/div>\n\t\t\t\t<\/div>\n\t\t\t\t\t<\/div>\n\t\t<\/div>\n\t\t\t\t\t<\/div>\n\t\t<\/section>\n\t\t\t\t<section class=\"elementor-section elementor-top-section elementor-element elementor-element-2c90976 elementor-section-boxed elementor-section-height-default elementor-section-height-default\" data-id=\"2c90976\" data-element_type=\"section\" data-e-type=\"section\">\n\t\t\t\t\t\t<div class=\"elementor-container elementor-column-gap-default\">\n\t\t\t\t\t<div class=\"elementor-column elementor-col-100 elementor-top-column elementor-element elementor-element-04040c2\" data-id=\"04040c2\" data-element_type=\"column\" data-e-type=\"column\">\n\t\t\t<div class=\"elementor-widget-wrap elementor-element-populated\">\n\t\t\t\t\t\t<div class=\"elementor-element elementor-element-499c112 elementor-widget elementor-widget-text-editor\" data-id=\"499c112\" data-element_type=\"widget\" data-e-type=\"widget\" data-widget_type=\"text-editor.default\">\n\t\t\t\t<div class=\"elementor-widget-container\">\n\t\t\t\t\t<div class=\"bb-theme-elementor-wrap bb-elementor-custom-family bb-elementor-custom-size bb-elementor-custom-line-height\">\t\t\t\t<p><b>TAST\u2019AGE<\/b> aborde le th\u00e8me de la formation professionnelle sur le d\u00e9fi de la malnutrition chez les personnes \u00e2g\u00e9es. L\u2019objectif est d\u2019apporter aux professionnels \u0153uvrant aupr\u00e8s des personnes \u00e2g\u00e9es (professionnels de sant\u00e9, m\u00e9dico-sociaux, services de soins \u00e0 domicile) une offre <i>de formation adapt\u00e9e<\/i> et <i>un acc\u00e8s facilit\u00e9<\/i> aux ressources p\u00e9dagogiques gr\u00e2ce \u00e0 une bo\u00eete \u00e0 outils digitale de bonnes pratiques sur le th\u00e8me de l\u2019alimentation, de la pr\u00e9vention et des solutions pour lutter contre la malnutrition chez les personnes \u00e2g\u00e9es de plus de 65 ans.&nbsp;<\/p>\n\t\t\t\t<\/div>\t\t\t\t<\/div>\n\t\t\t\t<\/div>\n\t\t\t\t\t<\/div>\n\t\t<\/div>\n\t\t\t\t\t<\/div>\n\t\t<\/section>\n\t\t\t\t<section class=\"elementor-section elementor-top-section elementor-element elementor-element-3588991 elementor-section-boxed elementor-section-height-default elementor-section-height-default\" data-id=\"3588991\" data-element_type=\"section\" data-e-type=\"section\">\n\t\t\t\t\t\t<div class=\"elementor-container elementor-column-gap-default\">\n\t\t\t\t\t<div class=\"elementor-column elementor-col-100 elementor-top-column elementor-element elementor-element-4330638\" data-id=\"4330638\" data-element_type=\"column\" data-e-type=\"column\">\n\t\t\t<div class=\"elementor-widget-wrap elementor-element-populated\">\n\t\t\t\t\t\t<div class=\"elementor-element elementor-element-7188440 elementor-widget elementor-widget-heading\" data-id=\"7188440\" data-element_type=\"widget\" data-e-type=\"widget\" data-widget_type=\"heading.default\">\n\t\t\t\t<div class=\"elementor-widget-container\">\n\t\t\t\t\t<h3 class=\"elementor-heading-title elementor-size-default\">OBJECTIFS<\/h3>\t\t\t\t<\/div>\n\t\t\t\t<\/div>\n\t\t\t\t\t<\/div>\n\t\t<\/div>\n\t\t\t\t\t<\/div>\n\t\t<\/section>\n\t\t\t\t<section class=\"elementor-section elementor-top-section elementor-element elementor-element-0053e4d elementor-section-boxed elementor-section-height-default elementor-section-height-default\" data-id=\"0053e4d\" data-element_type=\"section\" data-e-type=\"section\">\n\t\t\t\t\t\t<div class=\"elementor-container elementor-column-gap-default\">\n\t\t\t\t\t<div class=\"elementor-column elementor-col-100 elementor-top-column elementor-element elementor-element-55150a8\" data-id=\"55150a8\" data-element_type=\"column\" data-e-type=\"column\">\n\t\t\t<div class=\"elementor-widget-wrap elementor-element-populated\">\n\t\t\t\t\t\t<div class=\"elementor-element elementor-element-16b3248 elementor-widget elementor-widget-text-editor\" data-id=\"16b3248\" data-element_type=\"widget\" data-e-type=\"widget\" data-widget_type=\"text-editor.default\">\n\t\t\t\t<div class=\"elementor-widget-container\">\n\t\t\t\t\t<div class=\"bb-theme-elementor-wrap bb-elementor-custom-family bb-elementor-custom-size bb-elementor-custom-line-height\">\t\t\t\t<p><b>L\u2019objectif principal de TAST\u2019AGE<\/b> est d\u2019offrir un enseignement et une <i>formation<\/i> <i>professionnels<\/i> sur le d\u00e9fi de la pr\u00e9vention et de la lutte contre la malnutrition chez les personnes \u00e2g\u00e9es. Les objectifs sp\u00e9cifiques du projet sont les suivants :<\/p>\n\t\t\t\t<\/div>\t\t\t\t<\/div>\n\t\t\t\t<\/div>\n\t\t\t\t<section class=\"elementor-section elementor-inner-section elementor-element elementor-element-5a13dd1 elementor-section-boxed elementor-section-height-default elementor-section-height-default\" data-id=\"5a13dd1\" data-element_type=\"section\" data-e-type=\"section\">\n\t\t\t\t\t\t<div class=\"elementor-container elementor-column-gap-default\">\n\t\t\t\t\t<div class=\"elementor-column elementor-col-50 elementor-inner-column elementor-element elementor-element-a0f733e\" data-id=\"a0f733e\" data-element_type=\"column\" data-e-type=\"column\">\n\t\t\t<div class=\"elementor-widget-wrap elementor-element-populated\">\n\t\t\t\t\t\t<div class=\"elementor-element elementor-element-b63fbac elementor-widget elementor-widget-text-editor\" data-id=\"b63fbac\" data-element_type=\"widget\" data-e-type=\"widget\" data-widget_type=\"text-editor.default\">\n\t\t\t\t<div class=\"elementor-widget-container\">\n\t\t\t\t\t\t\t\t\t<p>Offrir une formation professionnelle de qualit\u00e9 pour mieux lutter contre la malnutrition chez les personnes de plus de 65 ans ;<\/p>\n<p>Offrir un acc\u00e8s ouvert et flexible au mat\u00e9riel d\u2019apprentissage et de formation et aux meilleures pratiques pour am\u00e9liorer les pratiques professionnelles;<\/p>\n\t\t\t\t\t\t\t\t<\/div>\n\t\t\t\t<\/div>\n\t\t\t\t\t<\/div>\n\t\t<\/div>\n\t\t\t\t<div class=\"elementor-column elementor-col-50 elementor-inner-column elementor-element elementor-element-99046fe\" data-id=\"99046fe\" data-element_type=\"column\" data-e-type=\"column\">\n\t\t\t<div class=\"elementor-widget-wrap elementor-element-populated\">\n\t\t\t\t\t\t<div class=\"elementor-element elementor-element-f372ca6 elementor-widget elementor-widget-text-editor\" data-id=\"f372ca6\" data-element_type=\"widget\" data-e-type=\"widget\" data-widget_type=\"text-editor.default\">\n\t\t\t\t<div class=\"elementor-widget-container\">\n\t\t\t\t\t\t\t\t\t<p>Encourager l\u2019adoption de l\u2019apprentissage num\u00e9rique et des outils num\u00e9riques dans la formation professionnelle;<\/p>\n<p>Encourager les \u00e9changes transnationaux et multidisciplinaires entre les partenaires de diff\u00e9rents pays et les expertises confront\u00e9es \u00e0 des d\u00e9fis communs.<\/p>\n\t\t\t\t\t\t\t\t<\/div>\n\t\t\t\t<\/div>\n\t\t\t\t\t<\/div>\n\t\t<\/div>\n\t\t\t\t\t<\/div>\n\t\t<\/section>\n\t\t\t\t\t<\/div>\n\t\t<\/div>\n\t\t\t\t\t<\/div>\n\t\t<\/section>\n\t\t\t\t<section class=\"elementor-section elementor-top-section elementor-element elementor-element-4d12951 elementor-section-boxed elementor-section-height-default elementor-section-height-default\" data-id=\"4d12951\" data-element_type=\"section\" data-e-type=\"section\">\n\t\t\t\t\t\t<div class=\"elementor-container elementor-column-gap-default\">\n\t\t\t\t\t<div class=\"elementor-column elementor-col-100 elementor-top-column elementor-element elementor-element-26f3ae4\" data-id=\"26f3ae4\" data-element_type=\"column\" data-e-type=\"column\">\n\t\t\t<div class=\"elementor-widget-wrap elementor-element-populated\">\n\t\t\t\t\t\t<div class=\"elementor-element elementor-element-ec94c30 elementor-widget elementor-widget-heading\" data-id=\"ec94c30\" data-element_type=\"widget\" data-e-type=\"widget\" data-widget_type=\"heading.default\">\n\t\t\t\t<div class=\"elementor-widget-container\">\n\t\t\t\t\t<h3 class=\"elementor-heading-title elementor-size-default\">R\u00c9SULTATS DU PROJET<\/h3>\t\t\t\t<\/div>\n\t\t\t\t<\/div>\n\t\t\t\t\t<\/div>\n\t\t<\/div>\n\t\t\t\t\t<\/div>\n\t\t<\/section>\n\t\t\t\t<section class=\"elementor-section elementor-top-section elementor-element elementor-element-da865c9 elementor-section-boxed elementor-section-height-default elementor-section-height-default\" data-id=\"da865c9\" data-element_type=\"section\" data-e-type=\"section\">\n\t\t\t\t\t\t<div class=\"elementor-container elementor-column-gap-default\">\n\t\t\t\t\t<div class=\"elementor-column elementor-col-100 elementor-top-column elementor-element elementor-element-98f0c5b\" data-id=\"98f0c5b\" data-element_type=\"column\" data-e-type=\"column\">\n\t\t\t<div class=\"elementor-widget-wrap elementor-element-populated\">\n\t\t\t\t\t\t<div class=\"elementor-element elementor-element-204f5ec elementor-widget elementor-widget-text-editor\" data-id=\"204f5ec\" data-element_type=\"widget\" data-e-type=\"widget\" data-widget_type=\"text-editor.default\">\n\t\t\t\t<div class=\"elementor-widget-container\">\n\t\t\t\t\t<div class=\"bb-theme-elementor-wrap bb-elementor-custom-family bb-elementor-custom-size bb-elementor-custom-line-height\">\t\t\t\t<ol>\n<li>Un programme de formation professionnelle nouveau et innovant qui s\u2019attaque au principal d\u00e9fi de la malnutrition chez les personnes \u00e2g\u00e9es et comble les lacunes de l\u2019offre de formation sur le terrain.<\/li>\n<li>La mise en place de modules de formation test\u00e9s et accessibles sous forme de cours pr\u00e9sentiels et de cours en ligne.<\/li>\n<li>Le d\u00e9veloppement d\u2019une bo\u00eete \u00e0 outils num\u00e9rique de bonnes pratiques, sur les th\u00e8mes de l\u2019am\u00e9lioration de l\u2019alimentation, de la pr\u00e9vention et des solutions pour lutter contre la malnutrition chez les seniors de plus de 65 ans.<\/li>\n<\/ol>\n\t\t\t\t<\/div>\t\t\t\t<\/div>\n\t\t\t\t<\/div>\n\t\t\t\t\t<\/div>\n\t\t<\/div>\n\t\t\t\t\t<\/div>\n\t\t<\/section>\n\t\t\t\t<\/div>\n\t\t","protected":false},"excerpt":{"rendered":"<p>Approche transnationale du d\u00e9veloppement des comp\u00e9tences professionnelles et de la formation professionnelle sur l\u2019am\u00e9lioration de la nutrition et la pr\u00e9vention de la malnutrition chez la&hellip;<\/p>\n","protected":false},"author":1,"featured_media":0,"parent":0,"menu_order":0,"comment_status":"closed","ping_status":"closed","template":"","meta":{"_acf_changed":false,"footnotes":""},"class_list":["post-239","page","type-page","status-publish","hentry"],"acf":[],"_links":{"self":[{"href":"https:\/\/tastage.eu\/fr\/wp-json\/wp\/v2\/pages\/239","targetHints":{"allow":["GET"]}}],"collection":[{"href":"https:\/\/tastage.eu\/fr\/wp-json\/wp\/v2\/pages"}],"about":[{"href":"https:\/\/tastage.eu\/fr\/wp-json\/wp\/v2\/types\/page"}],"author":[{"embeddable":true,"href":"https:\/\/tastage.eu\/fr\/wp-json\/wp\/v2\/users\/1"}],"replies":[{"embeddable":true,"href":"https:\/\/tastage.eu\/fr\/wp-json\/wp\/v2\/comments?post=239"}],"version-history":[{"count":3,"href":"https:\/\/tastage.eu\/fr\/wp-json\/wp\/v2\/pages\/239\/revisions"}],"predecessor-version":[{"id":1661,"href":"https:\/\/tastage.eu\/fr\/wp-json\/wp\/v2\/pages\/239\/revisions\/1661"}],"wp:attachment":[{"href":"https:\/\/tastage.eu\/fr\/wp-json\/wp\/v2\/media?parent=239"}],"curies":[{"name":"wp","href":"https:\/\/api.w.org\/{rel}","templated":true}]}}