{"id":1684,"date":"2024-07-23T08:53:34","date_gmt":"2024-07-23T08:53:34","guid":{"rendered":"https:\/\/tastage.eu\/pilotage\/"},"modified":"2025-09-01T06:17:13","modified_gmt":"2025-09-01T06:17:13","slug":"pilotage","status":"publish","type":"page","link":"https:\/\/tastage.eu\/fr\/pilotage\/","title":{"rendered":"Formation (MOOC)"},"content":{"rendered":"<p><strong>Cette ressource du projet Tast\u2019Age<\/strong> est d\u00e9di\u00e9e \u00e0 la pr\u00e9paration et \u00e0 la mise en \u0153uvre des sessions pilotes en pr\u00e9sentiel des supports de formation d\u00e9velopp\u00e9s dans le Work Package 2 et au lancement du MOOC (Massive Open Online Course) sur la malnutrition chez les seniors.<\/p>\n<p>Les sessions pilotes du projet Tast\u2019Age se concentrent sur la formation pour lutter contre la malnutrition et d\u2019autres probl\u00e8mes nutritionnels chez les seniors. Cette initiative vise \u00e0 donner aux aidants, aux professionnels de la sant\u00e9, aux travailleurs sociaux et aux membres de la famille les connaissances et les comp\u00e9tences n\u00e9cessaires pour lutter efficacement contre les probl\u00e8mes nutritionnels chez les personnes \u00e2g\u00e9es.<\/p>\n<p>Les principaux r\u00e9sultats de la session pilote sont les suivants :<\/p>\n<p>1. L\u2019exp\u00e9rimentation des modules de formation en pr\u00e9sentiel et en ligne \u2013 2 pilotes dans chaque pays partenaire, proposant des formations aux professionnels<\/p>\n<p>2. La pr\u00e9paration et le lancement du MOOC (Massive Open Online Course)<\/p>\n<p>3. Les sessions de formation des pilotes \u00e0 court et \u00e0 long terme, l\u2019\u00e9valuation et l\u2019adaptation<\/p>\n<h3><a href=\"https:\/\/campus.tastage.eu\/login\/index.php\"><br \/>\n<strong>Plateforme MOOC<\/strong><\/a><\/h3>\n<h3><strong><a href=\"https:\/\/tastage.eu\/wp-content\/uploads\/2025\/01\/TastAge-MOOC-tutorial-fv-1.pdf\">Tutoriel MOOC TastAge<\/a><\/strong> &#8211; d\u00e9couvrez comment vous inscrire \u00e0 votre cours ! (version anglaise)<\/h3>\n<h3><strong><a href=\"https:\/\/tastage.eu\/wp-content\/uploads\/2025\/02\/TASTAGE-MOOC_Tutorial-walk-through-the-website-FRENCH-2.pdf\">TastAge MOOC tutoriel <\/a><\/strong>(version fran\u00e7aise)<\/h3>\n<h3><a href=\"https:\/\/tastage.eu\/wp-content\/uploads\/2025\/06\/RO_TASTAGE-MOOC_Tutorial-walk-through-the-website-pdf-1.pdf\"><strong>Tutoriel MOOC TastAge (version roumaine)<\/strong><\/a><\/h3>\n<h3><a href=\"https:\/\/tastage.eu\/wp-content\/uploads\/2025\/06\/TASTAGE-MOOC_Tutorial-passo-a-passo-para-o-website.pdf\"><strong>Tutoriel MOOC TastAge (version portugaise)<\/strong><\/a><\/h3>\n<h3><a href=\"https:\/\/tastage.eu\/wp-content\/uploads\/2025\/06\/TASTAGE-MOOC_Tutorial-walk-through-the-website_Greek.pdf\"><strong>Tutoriel MOOC TastAge (version grecque)<\/strong><\/a><\/h3>\n<h3><a href=\"https:\/\/tastage.eu\/wp-content\/uploads\/2025\/09\/ES_TASTAGE-MOOC_Tutorial-walk-through-the-website.docx\"><strong>Tutoriel MOOC TastAge (version espagnol)<\/strong><\/a><\/h3>\n","protected":false},"excerpt":{"rendered":"<p>Cette ressource du projet Tast\u2019Age est d\u00e9di\u00e9e \u00e0 la pr\u00e9paration et \u00e0 la mise en \u0153uvre des sessions pilotes en pr\u00e9sentiel des supports de formation&hellip;<\/p>\n","protected":false},"author":1,"featured_media":0,"parent":0,"menu_order":0,"comment_status":"closed","ping_status":"closed","template":"","meta":{"_acf_changed":false,"footnotes":""},"class_list":["post-1684","page","type-page","status-publish","hentry"],"acf":[],"_links":{"self":[{"href":"https:\/\/tastage.eu\/fr\/wp-json\/wp\/v2\/pages\/1684","targetHints":{"allow":["GET"]}}],"collection":[{"href":"https:\/\/tastage.eu\/fr\/wp-json\/wp\/v2\/pages"}],"about":[{"href":"https:\/\/tastage.eu\/fr\/wp-json\/wp\/v2\/types\/page"}],"author":[{"embeddable":true,"href":"https:\/\/tastage.eu\/fr\/wp-json\/wp\/v2\/users\/1"}],"replies":[{"embeddable":true,"href":"https:\/\/tastage.eu\/fr\/wp-json\/wp\/v2\/comments?post=1684"}],"version-history":[{"count":11,"href":"https:\/\/tastage.eu\/fr\/wp-json\/wp\/v2\/pages\/1684\/revisions"}],"predecessor-version":[{"id":3647,"href":"https:\/\/tastage.eu\/fr\/wp-json\/wp\/v2\/pages\/1684\/revisions\/3647"}],"wp:attachment":[{"href":"https:\/\/tastage.eu\/fr\/wp-json\/wp\/v2\/media?parent=1684"}],"curies":[{"name":"wp","href":"https:\/\/api.w.org\/{rel}","templated":true}]}}