{"id":3346,"date":"2025-07-03T11:27:43","date_gmt":"2025-07-03T11:27:43","guid":{"rendered":"https:\/\/tastage.eu\/recursos\/"},"modified":"2025-07-03T11:27:43","modified_gmt":"2025-07-03T11:27:43","slug":"recursos","status":"publish","type":"page","link":"https:\/\/tastage.eu\/es\/recursos\/","title":{"rendered":"Recursos"},"content":{"rendered":"<p><img fetchpriority=\"high\" decoding=\"async\" class=\"wp-image-3321 alignright\" src=\"https:\/\/tastage.eu\/wp-content\/uploads\/2025\/07\/123908-300x200.jpg\" alt=\"\" width=\"397\" height=\"264\" srcset=\"https:\/\/tastage.eu\/wp-content\/uploads\/2025\/07\/123908-300x200.jpg 300w, https:\/\/tastage.eu\/wp-content\/uploads\/2025\/07\/123908-768x513.jpg 768w, https:\/\/tastage.eu\/wp-content\/uploads\/2025\/07\/123908-624x417.jpg 624w, https:\/\/tastage.eu\/wp-content\/uploads\/2025\/07\/123908.jpg 800w\" sizes=\"(max-width: 397px) 100vw, 397px\" \/><span data-teams=\"true\">La caja de herramientas digitales de Tast&#8217;Age es una colecci\u00f3n completa de mejores pr\u00e1cticas, pol\u00edticas, herramientas y recomendaciones basadas en evidencia centradas en mejorar la nutrici\u00f3n, prevenir la malnutrici\u00f3n y promover una alimentaci\u00f3n m\u00e1s saludable entre los adultos de 65 a\u00f1os o m\u00e1s. Dise\u00f1ado para dietistas, enfermeras, trabajadores sociales y proveedores de atenci\u00f3n domiciliaria, este recurso transnacional agiliza el acceso a informaci\u00f3n esencial, lo que ayuda a reducir la fragmentaci\u00f3n y apoya la atenci\u00f3n coordinada para las personas mayores. <\/span><\/p>\n<p><strong>\u00bfPOR QU\u00c9 CONTRIBUIR?<\/strong><\/p>\n<ul>\n<li>Muestre los m\u00e9todos de su organizaci\u00f3n y llegue a nuevas audiencias en toda Europa.<\/li>\n<li>Influir en los est\u00e1ndares de atenci\u00f3n en nutrici\u00f3n geri\u00e1trica aportando enfoques de vanguardia.<\/li>\n<li>Con\u00e9ctese con otros profesionales, investigadores y responsables de la formulaci\u00f3n de pol\u00edticas que invierten en el bienestar de las personas mayores.<\/li>\n<\/ul>\n<p><span data-teams=\"true\"><strong>\u00bfC\u00d3MO PUBLICAR SUS RECURSOS?<\/strong><\/span><\/p>\n<p><strong>\u00bfListo para compartir tu contribuci\u00f3n? Solo tienes que seguir estos sencillos pasos: <\/strong><\/p>\n<p><strong>Paso 1:<\/strong> Haga clic en el bot\u00f3n <strong>\u00abRegistrarse\u00bb<\/strong> en la esquina superior derecha de la p\u00e1gina.<br \/>\n<strong>Paso 2:<\/strong> Ingrese su <strong>correo electr\u00f3nico<\/strong>, <strong>contrase\u00f1a<\/strong> y <strong>nombre de usuario<\/strong> en el formulario de registro.<br \/>\n<strong>Paso 3:<\/strong> Marque la casilla para aceptar los <strong>t\u00e9rminos y condiciones de uso<\/strong>.<br \/>\n<strong>Paso 4:<\/strong> Revise su bandeja de entrada de correo electr\u00f3nico y haga clic en el enlace para <strong>verificar su cuenta<\/strong>.<br \/>\n<strong>Paso 5:<\/strong> Vuelve a la plataforma Tast&#8217;Age, ve a la secci\u00f3n <strong>\u00abRecursos\u00bb<\/strong> y haz clic en <strong>\u00abEnviar contenido\u00bb.<\/strong><br \/>\n<strong>Paso 6:<\/strong> Complete el formulario de env\u00edo con detalles sobre el recurso que desea cargar.<br \/>\n<strong>Paso 7:<\/strong> Haga clic <strong>en \u00abEnviar para revisi\u00f3n y publicaci\u00f3n\u00bb.<\/strong><\/p>\n<p><span data-teams=\"true\">Un miembro de nuestro equipo revisar\u00e1 su env\u00edo y lo publicar\u00e1 o se pondr\u00e1 en contacto con usted para obtener informaci\u00f3n adicional si es necesario.<\/span><\/p>\n","protected":false},"excerpt":{"rendered":"<p>La caja de herramientas digitales de Tast&#8217;Age es una colecci\u00f3n completa de mejores pr\u00e1cticas, pol\u00edticas, herramientas y recomendaciones basadas en evidencia centradas en mejorar la&hellip;<\/p>\n","protected":false},"author":26,"featured_media":0,"parent":0,"menu_order":0,"comment_status":"closed","ping_status":"closed","template":"","meta":{"_acf_changed":false,"footnotes":""},"class_list":["post-3346","page","type-page","status-publish","hentry"],"acf":[],"_links":{"self":[{"href":"https:\/\/tastage.eu\/es\/wp-json\/wp\/v2\/pages\/3346","targetHints":{"allow":["GET"]}}],"collection":[{"href":"https:\/\/tastage.eu\/es\/wp-json\/wp\/v2\/pages"}],"about":[{"href":"https:\/\/tastage.eu\/es\/wp-json\/wp\/v2\/types\/page"}],"author":[{"embeddable":true,"href":"https:\/\/tastage.eu\/es\/wp-json\/wp\/v2\/users\/26"}],"replies":[{"embeddable":true,"href":"https:\/\/tastage.eu\/es\/wp-json\/wp\/v2\/comments?post=3346"}],"version-history":[{"count":0,"href":"https:\/\/tastage.eu\/es\/wp-json\/wp\/v2\/pages\/3346\/revisions"}],"wp:attachment":[{"href":"https:\/\/tastage.eu\/es\/wp-json\/wp\/v2\/media?parent=3346"}],"curies":[{"name":"wp","href":"https:\/\/api.w.org\/{rel}","templated":true}]}}