{"id":1672,"date":"2024-07-23T08:53:34","date_gmt":"2024-07-23T08:53:34","guid":{"rendered":"https:\/\/tastage.eu\/pilotaje\/"},"modified":"2025-07-07T08:50:15","modified_gmt":"2025-07-07T08:50:15","slug":"pilotaje","status":"publish","type":"page","link":"https:\/\/tastage.eu\/es\/pilotaje\/","title":{"rendered":"Curso de formaci\u00f3n (MOOC)"},"content":{"rendered":"<p><strong>Este recurso del proyecto Tast&#8217;Age<\/strong> est\u00e1 dedicado a preparar e implementar las sesiones de pilotaje presencial de los materiales formativos desarrollados en el Paquete de Trabajo 2 y a lanzar el MOOC (Massive Open Online Course) sobre desnutrici\u00f3n en personas mayores.<\/p>\n<p>Las sesiones piloto del proyecto Tast&#8217;Age se centran en la formaci\u00f3n para abordar la desnutrici\u00f3n y otros problemas nutricionales entre las personas mayores. Esta iniciativa est\u00e1 dise\u00f1ada para empoderar a los cuidadores, profesionales de la salud, trabajadores sociales y miembros de la familia con el conocimiento y las habilidades para combatir los problemas nutricionales en las poblaciones de ancianos de manera efectiva. <\/p>\n<p>Los principales resultados de la sesi\u00f3n de pilotaje implican:<\/p>\n<p>1. La prueba de los m\u00f3dulos de formaci\u00f3n como cursos presenciales y en l\u00ednea: 2 pilotos en cada pa\u00eds asociado, ofreciendo formaci\u00f3n a los profesionales<\/p>\n<p>2. La preparaci\u00f3n y lanzamiento del MOOC (Massive Open Online Course)<\/p>\n<p>3. Evaluaci\u00f3n y ajuste de las sesiones de formaci\u00f3n de pilotos a corto y largo plazo<\/p>\n<h3><a href=\"https:\/\/campus.tastage.eu\/login\/index.php\"><br \/>\n<strong>Plataforma MOOC<\/strong><\/a><\/h3>\n<h3><strong><a href=\"https:\/\/tastage.eu\/wp-content\/uploads\/2025\/01\/TastAge-MOOC-tutorial-fv-1.pdf\">Tutorial de TastAge MOOC<\/a><\/strong> : \u00a1descubre c\u00f3mo inscribirte en el curso que has designado! (Versi\u00f3n en ingl\u00e9s) <\/h3>\n<h3><strong><a href=\"https:\/\/tastage.eu\/wp-content\/uploads\/2025\/02\/TASTAGE-MOOC_Tutorial-walk-through-the-website-FRENCH-2.pdf\">TastAge MOOC tutoriel <\/a><\/strong>(Fran\u00e7aise version)<\/h3>\n<h3><a href=\"https:\/\/tastage.eu\/wp-content\/uploads\/2025\/06\/RO_TASTAGE-MOOC_Tutorial-walk-through-the-website-pdf-1.pdf\"><strong>Tutorial MOOC de TastAge (versi\u00f3n rumana)<\/strong><\/a><\/h3>\n<h3><a href=\"https:\/\/tastage.eu\/wp-content\/uploads\/2025\/06\/TASTAGE-MOOC_Tutorial-passo-a-passo-para-o-website.pdf\"><strong>Tutorial MOOC de TastAge (versi\u00f3n en portugu\u00e9s)<\/strong><\/a><\/h3>\n<h3><a href=\"https:\/\/tastage.eu\/wp-content\/uploads\/2025\/06\/TASTAGE-MOOC_Tutorial-walk-through-the-website_Greek.pdf\"><strong>Tutorial MOOC de TastAge (versi\u00f3n en griego)<\/strong><\/a><\/h3>\n","protected":false},"excerpt":{"rendered":"<p>Este recurso del proyecto Tast&#8217;Age est\u00e1 dedicado a preparar e implementar las sesiones de pilotaje presencial de los materiales formativos desarrollados en el Paquete de&hellip;<\/p>\n","protected":false},"author":1,"featured_media":0,"parent":0,"menu_order":0,"comment_status":"closed","ping_status":"closed","template":"","meta":{"_acf_changed":false,"footnotes":""},"class_list":["post-1672","page","type-page","status-publish","hentry"],"acf":[],"_links":{"self":[{"href":"https:\/\/tastage.eu\/es\/wp-json\/wp\/v2\/pages\/1672","targetHints":{"allow":["GET"]}}],"collection":[{"href":"https:\/\/tastage.eu\/es\/wp-json\/wp\/v2\/pages"}],"about":[{"href":"https:\/\/tastage.eu\/es\/wp-json\/wp\/v2\/types\/page"}],"author":[{"embeddable":true,"href":"https:\/\/tastage.eu\/es\/wp-json\/wp\/v2\/users\/1"}],"replies":[{"embeddable":true,"href":"https:\/\/tastage.eu\/es\/wp-json\/wp\/v2\/comments?post=1672"}],"version-history":[{"count":8,"href":"https:\/\/tastage.eu\/es\/wp-json\/wp\/v2\/pages\/1672\/revisions"}],"predecessor-version":[{"id":3332,"href":"https:\/\/tastage.eu\/es\/wp-json\/wp\/v2\/pages\/1672\/revisions\/3332"}],"wp:attachment":[{"href":"https:\/\/tastage.eu\/es\/wp-json\/wp\/v2\/media?parent=1672"}],"curies":[{"name":"wp","href":"https:\/\/api.w.org\/{rel}","templated":true}]}}